{"id":5402,"date":"2025-08-11T06:12:51","date_gmt":"2025-08-11T04:12:51","guid":{"rendered":"https:\/\/luxcenture.com\/luxus-immobilien-in-der-schweiz-2\/"},"modified":"2026-01-16T09:29:46","modified_gmt":"2026-01-16T08:29:46","slug":"luxus-immobilien-in-der-schweiz-2","status":"publish","type":"page","link":"https:\/\/luxcenture.com\/de\/luxus-immobilien-in-der-schweiz-2\/","title":{"rendered":"Luxus-Immobilien in der Schweiz"},"content":{"rendered":"\t\t<div data-elementor-type=\"wp-page\" data-elementor-id=\"5402\" class=\"elementor elementor-5402 elementor-5269\" data-elementor-post-type=\"page\">\n\t\t\t\t<div class=\"elementor-element elementor-element-2fd5257 e-con-full e-flex e-con e-parent\" data-id=\"2fd5257\" data-element_type=\"container\" data-e-type=\"container\" data-settings=\"{&quot;background_background&quot;:&quot;slideshow&quot;,&quot;background_slideshow_ken_burns&quot;:&quot;yes&quot;,&quot;background_slideshow_ken_burns_zoom_direction&quot;:&quot;out&quot;,&quot;background_slideshow_transition_duration&quot;:2000,&quot;background_slideshow_gallery&quot;:[{&quot;id&quot;:5142,&quot;url&quot;:&quot;https:\\\/\\\/luxcenture.com\\\/wp-content\\\/uploads\\\/2025\\\/07\\\/vierwaldstaettersee_123556637_lp_1318x659px-panorama.webp&quot;},{&quot;id&quot;:5292,&quot;url&quot;:&quot;https:\\\/\\\/luxcenture.com\\\/wp-content\\\/uploads\\\/2025\\\/08\\\/architecture-3578154_1920.webp&quot;},{&quot;id&quot;:5390,&quot;url&quot;:&quot;https:\\\/\\\/luxcenture.com\\\/wp-content\\\/uploads\\\/2025\\\/08\\\/vecteezy_lake-of-st-moritz-before-frozen-winter-time_5206199-scaled.webp&quot;},{&quot;id&quot;:5591,&quot;url&quot;:&quot;https:\\\/\\\/luxcenture.com\\\/wp-content\\\/uploads\\\/2025\\\/09\\\/vecteezy_ornate-wrought-iron-gate-overlooking-pristine-lake-lugano_70120543-scaled.webp&quot;}],&quot;background_slideshow_loop&quot;:&quot;yes&quot;,&quot;background_slideshow_slide_duration&quot;:5000,&quot;background_slideshow_slide_transition&quot;:&quot;fade&quot;}\">\n\t\t\t\t<div class=\"elementor-element elementor-element-a605e35 elementor-widget__width-initial elementor-invisible elementor-widget elementor-widget-heading\" data-id=\"a605e35\" data-element_type=\"widget\" data-e-type=\"widget\" data-settings=\"{&quot;_animation&quot;:&quot;fadeIn&quot;}\" data-widget_type=\"heading.default\">\n\t\t\t\t<div class=\"elementor-widget-container\">\n\t\t\t\t\t<h1 class=\"elementor-heading-title elementor-size-default\"><strong>Off-Market<\/strong> Luxusimmobilien in der <strong>Schweiz<\/strong> - St. Moritz, Z\u00fcrich, Tessin, Zug &amp; mehr<\/h1>\t\t\t\t<\/div>\n\t\t\t\t<\/div>\n\t\t\t\t<div class=\"elementor-element elementor-element-642be3d elementor-widget__width-initial elementor-widget elementor-widget-text-editor\" data-id=\"642be3d\" data-element_type=\"widget\" data-e-type=\"widget\" data-widget_type=\"text-editor.default\">\n\t\t\t\t<div class=\"elementor-widget-container\">\n\t\t\t\t\t\t\t\t\t<p>Entdecken Sie die feinsten, Off-Market Luxusimmobilien in <strong>St. Moritz, Z\u00fcrich, Tessin, Zug<\/strong> und der ganzen Schweiz. Ausgew\u00e4hlte Immobilien, diskreter Service und exklusiver Zugang zu Immobilien au\u00dferhalb des Marktes mit Luxcenture. <\/p>\t\t\t\t\t\t\t\t<\/div>\n\t\t\t\t<\/div>\n\t\t\t\t<\/div>\n\t\t<div class=\"elementor-element elementor-element-be139d9 e-flex e-con-boxed e-con e-parent\" data-id=\"be139d9\" data-element_type=\"container\" data-e-type=\"container\" data-settings=\"{&quot;background_background&quot;:&quot;classic&quot;}\">\n\t\t\t\t\t<div class=\"e-con-inner\">\n\t\t<div class=\"elementor-element elementor-element-2330dee e-con-full e-flex e-con e-child\" data-id=\"2330dee\" data-element_type=\"container\" data-e-type=\"container\" data-settings=\"{&quot;background_background&quot;:&quot;gradient&quot;}\">\n\t\t\t\t<div class=\"elementor-element elementor-element-6f45147 elementor-widget__width-inherit elementor-widget elementor-widget-text-editor\" data-id=\"6f45147\" data-element_type=\"widget\" data-e-type=\"widget\" data-widget_type=\"text-editor.default\">\n\t\t\t\t<div class=\"elementor-widget-container\">\n\t\t\t\t\t\t\t\t\t<p>Wir von <strong>Luxcenture<\/strong> bringen anspruchsvolle Kunden mit den prestigetr\u00e4chtigsten Immobilien der Schweiz zusammen &#8211; viele davon sind <strong>nicht auf dem Markt und nur \u00fcber unser vertrauensw\u00fcrdiges Netzwerk erh\u00e4ltlich<\/strong>. Von eleganten Penth\u00e4usern in der Stadt bis hin zu gro\u00dfartigen Villen am Seeufer und abgelegenen Anwesen in den Alpen bieten wir diskreten, pers\u00f6nlichen Zugang zu Immobilien, die Exklusivit\u00e4t, Stil und Sicherheit vereinen. Unsere Nische ist es, au\u00dfergew\u00f6hnliche Immobilien mit au\u00dfergew\u00f6hnlichen Menschen in den begehrtesten Regionen der Schweiz zusammenzubringen.  <\/p>\t\t\t\t\t\t\t\t<\/div>\n\t\t\t\t<\/div>\n\t\t\t\t<\/div>\n\t\t\t\t<div class=\"elementor-element elementor-element-0b9ffb8 elementor-widget elementor-widget-image\" data-id=\"0b9ffb8\" data-element_type=\"widget\" data-e-type=\"widget\" data-widget_type=\"image.default\">\n\t\t\t\t<div class=\"elementor-widget-container\">\n\t\t\t\t\t\t\t\t\t\t\t\t\t\t\t<img loading=\"lazy\" decoding=\"async\" width=\"800\" height=\"448\" src=\"https:\/\/luxcenture.com\/wp-content\/uploads\/2025\/08\/vecteezy_stunning-sunset-view-over-lake-rigi-mountain-landscape_54503571-1024x574.webp\" class=\"attachment-large size-large wp-image-5302\" alt=\"Switzerland real estate\" srcset=\"https:\/\/luxcenture.com\/wp-content\/uploads\/2025\/08\/vecteezy_stunning-sunset-view-over-lake-rigi-mountain-landscape_54503571-1024x574.webp 1024w, https:\/\/luxcenture.com\/wp-content\/uploads\/2025\/08\/vecteezy_stunning-sunset-view-over-lake-rigi-mountain-landscape_54503571-300x168.webp 300w, https:\/\/luxcenture.com\/wp-content\/uploads\/2025\/08\/vecteezy_stunning-sunset-view-over-lake-rigi-mountain-landscape_54503571-768x430.webp 768w, https:\/\/luxcenture.com\/wp-content\/uploads\/2025\/08\/vecteezy_stunning-sunset-view-over-lake-rigi-mountain-landscape_54503571-1536x861.webp 1536w, https:\/\/luxcenture.com\/wp-content\/uploads\/2025\/08\/vecteezy_stunning-sunset-view-over-lake-rigi-mountain-landscape_54503571-2048x1148.webp 2048w\" sizes=\"auto, (max-width: 800px) 100vw, 800px\" \/>\t\t\t\t\t\t\t\t\t\t\t\t\t\t\t<\/div>\n\t\t\t\t<\/div>\n\t\t\t\t\t<\/div>\n\t\t\t\t<\/div>\n\t\t<div class=\"elementor-element elementor-element-cbc0915 e-flex e-con-boxed e-con e-parent\" data-id=\"cbc0915\" data-element_type=\"container\" data-e-type=\"container\" data-settings=\"{&quot;background_background&quot;:&quot;classic&quot;}\">\n\t\t\t\t\t<div class=\"e-con-inner\">\n\t\t<div class=\"elementor-element elementor-element-fdfe432 e-con-full e-flex e-con e-child\" data-id=\"fdfe432\" data-element_type=\"container\" data-e-type=\"container\" data-settings=\"{&quot;background_background&quot;:&quot;gradient&quot;}\">\n\t\t\t\t<div class=\"elementor-element elementor-element-b3b6f10 elementor-widget__width-inherit elementor-widget elementor-widget-text-editor\" data-id=\"b3b6f10\" data-element_type=\"widget\" data-e-type=\"widget\" data-widget_type=\"text-editor.default\">\n\t\t\t\t<div class=\"elementor-widget-container\">\n\t\t\t\t\t\t\t\t\t<h3>Z\u00fcrich &#8211; Ein globales Finanzzentrum<\/h3><p>Z\u00fcrich, das kosmopolitische Herz der Schweiz, ist eine Mischung aus Prestige, Innovation und urbaner Raffinesse. Entdecken Sie Penth\u00e4user mit Panoramablick auf den See und die Stadt, exklusive Villen am See und seltene historische Stadth\u00e4user &#8211; ideal f\u00fcr Gesch\u00e4ftsleute und Weltb\u00fcrger, die in der Finanzmetropole Europas Privatsph\u00e4re und Konnektivit\u00e4t suchen. <\/p>\t\t\t\t\t\t\t\t<\/div>\n\t\t\t\t<\/div>\n\t\t\t\t<div class=\"elementor-element elementor-element-5a87af7 text-gradient elementor-widget elementor-widget-button\" data-id=\"5a87af7\" data-element_type=\"widget\" data-e-type=\"widget\" data-widget_type=\"button.default\">\n\t\t\t\t<div class=\"elementor-widget-container\">\n\t\t\t\t\t\t\t\t\t<div class=\"elementor-button-wrapper\">\n\t\t\t\t\t<a class=\"elementor-button elementor-button-link elementor-size-sm elementor-animation-float\" href=\"https:\/\/luxcenture.com\/de\/projekte\/?e-filter-2873edb-asset_category=real-estate-switzerland\">\n\t\t\t\t\t\t<span class=\"elementor-button-content-wrapper\">\n\t\t\t\t\t\t\t\t\t<span class=\"elementor-button-text\">Immobilien Schweiz \ufe0e<\/span>\n\t\t\t\t\t<\/span>\n\t\t\t\t\t<\/a>\n\t\t\t\t<\/div>\n\t\t\t\t\t\t\t\t<\/div>\n\t\t\t\t<\/div>\n\t\t\t\t<\/div>\n\t\t\t\t<div class=\"elementor-element elementor-element-dccdef2 elementor-widget elementor-widget-image\" data-id=\"dccdef2\" data-element_type=\"widget\" data-e-type=\"widget\" data-widget_type=\"image.default\">\n\t\t\t\t<div class=\"elementor-widget-container\">\n\t\t\t\t\t\t\t\t\t\t\t\t\t\t\t<img loading=\"lazy\" decoding=\"async\" width=\"800\" height=\"534\" src=\"https:\/\/luxcenture.com\/wp-content\/uploads\/2025\/08\/vecteezy_a-view-of-the-limago-river-and-the-historic-buildings-in-the_2905528-1024x683.webp\" class=\"attachment-large size-large wp-image-5316\" alt=\"Zurich Switzerland Real Estate\" srcset=\"https:\/\/luxcenture.com\/wp-content\/uploads\/2025\/08\/vecteezy_a-view-of-the-limago-river-and-the-historic-buildings-in-the_2905528-1024x683.webp 1024w, https:\/\/luxcenture.com\/wp-content\/uploads\/2025\/08\/vecteezy_a-view-of-the-limago-river-and-the-historic-buildings-in-the_2905528-300x200.webp 300w, https:\/\/luxcenture.com\/wp-content\/uploads\/2025\/08\/vecteezy_a-view-of-the-limago-river-and-the-historic-buildings-in-the_2905528-768x512.webp 768w, https:\/\/luxcenture.com\/wp-content\/uploads\/2025\/08\/vecteezy_a-view-of-the-limago-river-and-the-historic-buildings-in-the_2905528-1536x1024.webp 1536w, https:\/\/luxcenture.com\/wp-content\/uploads\/2025\/08\/vecteezy_a-view-of-the-limago-river-and-the-historic-buildings-in-the_2905528-2048x1365.webp 2048w\" sizes=\"auto, (max-width: 800px) 100vw, 800px\" \/>\t\t\t\t\t\t\t\t\t\t\t\t\t\t\t<\/div>\n\t\t\t\t<\/div>\n\t\t\t\t\t<\/div>\n\t\t\t\t<\/div>\n\t\t<div class=\"elementor-element elementor-element-e715ab1 e-flex e-con-boxed e-con e-parent\" data-id=\"e715ab1\" data-element_type=\"container\" data-e-type=\"container\" data-settings=\"{&quot;background_background&quot;:&quot;classic&quot;}\">\n\t\t\t\t\t<div class=\"e-con-inner\">\n\t\t<div class=\"elementor-element elementor-element-72038fc e-con-full e-flex e-con e-child\" data-id=\"72038fc\" data-element_type=\"container\" data-e-type=\"container\" data-settings=\"{&quot;background_background&quot;:&quot;gradient&quot;}\">\n\t\t\t\t<div class=\"elementor-element elementor-element-535f9b8 elementor-widget__width-inherit elementor-widget elementor-widget-text-editor\" data-id=\"535f9b8\" data-element_type=\"widget\" data-e-type=\"widget\" data-widget_type=\"text-editor.default\">\n\t\t\t\t<div class=\"elementor-widget-container\">\n\t\t\t\t\t\t\t\t\t<h3>Zug &#8211; Diskreter Wohlstand, niedrige Steuern<\/h3><p>Zug ist ein Magnet f\u00fcr internationale Unternehmer und bekannt f\u00fcr sein niedriges Steuersystem und seine exklusiven Wohngemeinschaften. Genie\u00dfen Sie Privatsph\u00e4re, Sicherheit und modernes Wohnen am See inmitten einer atemberaubenden Aussicht &#8211; perfekt f\u00fcr globale Familien und Gesch\u00e4ftsvision\u00e4re. <\/p>\t\t\t\t\t\t\t\t<\/div>\n\t\t\t\t<\/div>\n\t\t\t\t<div class=\"elementor-element elementor-element-636d825 text-gradient elementor-widget elementor-widget-button\" data-id=\"636d825\" data-element_type=\"widget\" data-e-type=\"widget\" data-widget_type=\"button.default\">\n\t\t\t\t<div class=\"elementor-widget-container\">\n\t\t\t\t\t\t\t\t\t<div class=\"elementor-button-wrapper\">\n\t\t\t\t\t<a class=\"elementor-button elementor-button-link elementor-size-sm elementor-animation-float\" href=\"https:\/\/luxcenture.com\/de\/projekte\/?e-filter-2873edb-asset_category=real-estate-switzerland\">\n\t\t\t\t\t\t<span class=\"elementor-button-content-wrapper\">\n\t\t\t\t\t\t\t\t\t<span class=\"elementor-button-text\">Immobilien Schweiz \ufe0e<\/span>\n\t\t\t\t\t<\/span>\n\t\t\t\t\t<\/a>\n\t\t\t\t<\/div>\n\t\t\t\t\t\t\t\t<\/div>\n\t\t\t\t<\/div>\n\t\t\t\t<\/div>\n\t\t\t\t<div class=\"elementor-element elementor-element-d61721e elementor-widget elementor-widget-image\" data-id=\"d61721e\" data-element_type=\"widget\" data-e-type=\"widget\" data-widget_type=\"image.default\">\n\t\t\t\t<div class=\"elementor-widget-container\">\n\t\t\t\t\t\t\t\t\t\t\t\t\t\t\t<img loading=\"lazy\" decoding=\"async\" width=\"800\" height=\"533\" src=\"https:\/\/luxcenture.com\/wp-content\/uploads\/2025\/07\/Zug-1024x682.webp\" class=\"attachment-large size-large wp-image-5215\" alt=\"Zug Villa\" srcset=\"https:\/\/luxcenture.com\/wp-content\/uploads\/2025\/07\/Zug-1024x682.webp 1024w, https:\/\/luxcenture.com\/wp-content\/uploads\/2025\/07\/Zug-300x200.webp 300w, https:\/\/luxcenture.com\/wp-content\/uploads\/2025\/07\/Zug-768x512.webp 768w, https:\/\/luxcenture.com\/wp-content\/uploads\/2025\/07\/Zug-1536x1023.webp 1536w, https:\/\/luxcenture.com\/wp-content\/uploads\/2025\/07\/Zug-2048x1364.webp 2048w\" sizes=\"auto, (max-width: 800px) 100vw, 800px\" \/>\t\t\t\t\t\t\t\t\t\t\t\t\t\t\t<\/div>\n\t\t\t\t<\/div>\n\t\t\t\t\t<\/div>\n\t\t\t\t<\/div>\n\t\t<div class=\"elementor-element elementor-element-748222e e-flex e-con-boxed e-con e-parent\" data-id=\"748222e\" data-element_type=\"container\" data-e-type=\"container\" data-settings=\"{&quot;background_background&quot;:&quot;classic&quot;}\">\n\t\t\t\t\t<div class=\"e-con-inner\">\n\t\t<div class=\"elementor-element elementor-element-00a3133 e-con-full e-flex e-con e-child\" data-id=\"00a3133\" data-element_type=\"container\" data-e-type=\"container\" data-settings=\"{&quot;background_background&quot;:&quot;gradient&quot;}\">\n\t\t\t\t<div class=\"elementor-element elementor-element-3df0249 elementor-widget elementor-widget-text-editor\" data-id=\"3df0249\" data-element_type=\"widget\" data-e-type=\"widget\" data-widget_type=\"text-editor.default\">\n\t\t\t\t<div class=\"elementor-widget-container\">\n\t\t\t\t\t\t\t\t\t<h3>St. Moritz &#8211; &#8220;Top of the World&#8221;<\/h3><p>Das &#8220;Top of the World&#8221;. St. Moritz ist der Gipfel des alpinen Luxus &#8211; weltber\u00fchmt f\u00fcr seinen F\u00fcnf-Sterne-Lifestyle, seine legend\u00e4ren Pisten und seine rekordverd\u00e4chtigen Immobilienwerte. Wir bieten Insidern Zugang zu ultraexklusiven Chalets, R\u00fcckzugsorten am See und seltenen Troph\u00e4en &#8211; Gelegenheiten, die der globalen Elite vorbehalten sind.  <\/p>\t\t\t\t\t\t\t\t<\/div>\n\t\t\t\t<\/div>\n\t\t\t\t<div class=\"elementor-element elementor-element-fae1b4e text-gradient elementor-widget elementor-widget-button\" data-id=\"fae1b4e\" data-element_type=\"widget\" data-e-type=\"widget\" data-widget_type=\"button.default\">\n\t\t\t\t<div class=\"elementor-widget-container\">\n\t\t\t\t\t\t\t\t\t<div class=\"elementor-button-wrapper\">\n\t\t\t\t\t<a class=\"elementor-button elementor-button-link elementor-size-sm elementor-animation-float\" href=\"https:\/\/luxcenture.com\/de\/projekte\/?e-filter-2873edb-asset_category=real-estate-switzerland\">\n\t\t\t\t\t\t<span class=\"elementor-button-content-wrapper\">\n\t\t\t\t\t\t\t\t\t<span class=\"elementor-button-text\">Immobilien Schweiz \ufe0e<\/span>\n\t\t\t\t\t<\/span>\n\t\t\t\t\t<\/a>\n\t\t\t\t<\/div>\n\t\t\t\t\t\t\t\t<\/div>\n\t\t\t\t<\/div>\n\t\t\t\t<\/div>\n\t\t\t\t<div class=\"elementor-element elementor-element-93040d5 elementor-widget elementor-widget-image\" data-id=\"93040d5\" data-element_type=\"widget\" data-e-type=\"widget\" data-widget_type=\"image.default\">\n\t\t\t\t<div class=\"elementor-widget-container\">\n\t\t\t\t\t\t\t\t\t\t\t\t\t\t\t<img loading=\"lazy\" decoding=\"async\" width=\"800\" height=\"534\" src=\"https:\/\/luxcenture.com\/wp-content\/uploads\/2025\/03\/white-turf-1024x683.webp\" class=\"attachment-large size-large wp-image-4576\" alt=\"white-turf St. Moritz\" srcset=\"https:\/\/luxcenture.com\/wp-content\/uploads\/2025\/03\/white-turf-1024x683.webp 1024w, https:\/\/luxcenture.com\/wp-content\/uploads\/2025\/03\/white-turf-300x200.webp 300w, https:\/\/luxcenture.com\/wp-content\/uploads\/2025\/03\/white-turf-768x512.webp 768w, https:\/\/luxcenture.com\/wp-content\/uploads\/2025\/03\/white-turf-1536x1024.webp 1536w, https:\/\/luxcenture.com\/wp-content\/uploads\/2025\/03\/white-turf.webp 1920w\" sizes=\"auto, (max-width: 800px) 100vw, 800px\" \/>\t\t\t\t\t\t\t\t\t\t\t\t\t\t\t<\/div>\n\t\t\t\t<\/div>\n\t\t\t\t\t<\/div>\n\t\t\t\t<\/div>\n\t\t<div class=\"elementor-element elementor-element-e56bda6 e-flex e-con-boxed e-con e-parent\" data-id=\"e56bda6\" data-element_type=\"container\" data-e-type=\"container\" data-settings=\"{&quot;background_background&quot;:&quot;classic&quot;}\">\n\t\t\t\t\t<div class=\"e-con-inner\">\n\t\t<div class=\"elementor-element elementor-element-5bc9301 e-con-full e-flex e-con e-child\" data-id=\"5bc9301\" data-element_type=\"container\" data-e-type=\"container\" data-settings=\"{&quot;background_background&quot;:&quot;gradient&quot;}\">\n\t\t\t\t<div class=\"elementor-element elementor-element-4eae95e elementor-widget elementor-widget-text-editor\" data-id=\"4eae95e\" data-element_type=\"widget\" data-e-type=\"widget\" data-widget_type=\"text-editor.default\">\n\t\t\t\t<div class=\"elementor-widget-container\">\n\t\t\t\t\t\t\t\t\t<h3>Genf &amp; Waadt &#8211; Internationales Prestige in der N\u00e4he der UN und der Weinberge des Lavaux<\/h3><p>Genf und die Region um den Genfer See sind die Heimat der internationalen Diplomatie und bieten gro\u00dfartige Anwesen am Wasser, historische Schl\u00f6sser und elegante Stadtwohnungen. Genie\u00dfen Sie pulsierende Kultur, unvergleichliche internationale Verbindungen und sichere Investitionsm\u00f6glichkeiten an einer der renommiertesten Adressen Europas. <\/p>\t\t\t\t\t\t\t\t<\/div>\n\t\t\t\t<\/div>\n\t\t\t\t<div class=\"elementor-element elementor-element-d67d277 text-gradient elementor-widget elementor-widget-button\" data-id=\"d67d277\" data-element_type=\"widget\" data-e-type=\"widget\" data-widget_type=\"button.default\">\n\t\t\t\t<div class=\"elementor-widget-container\">\n\t\t\t\t\t\t\t\t\t<div class=\"elementor-button-wrapper\">\n\t\t\t\t\t<a class=\"elementor-button elementor-button-link elementor-size-sm elementor-animation-float\" href=\"https:\/\/luxcenture.com\/de\/projekte\/?e-filter-2873edb-asset_category=real-estate-switzerland\">\n\t\t\t\t\t\t<span class=\"elementor-button-content-wrapper\">\n\t\t\t\t\t\t\t\t\t<span class=\"elementor-button-text\">Immobilien Schweiz \ufe0e<\/span>\n\t\t\t\t\t<\/span>\n\t\t\t\t\t<\/a>\n\t\t\t\t<\/div>\n\t\t\t\t\t\t\t\t<\/div>\n\t\t\t\t<\/div>\n\t\t\t\t<\/div>\n\t\t\t\t<div class=\"elementor-element elementor-element-5e678a9 elementor-widget elementor-widget-image\" data-id=\"5e678a9\" data-element_type=\"widget\" data-e-type=\"widget\" data-widget_type=\"image.default\">\n\t\t\t\t<div class=\"elementor-widget-container\">\n\t\t\t\t\t\t\t\t\t\t\t\t\t\t\t<img loading=\"lazy\" decoding=\"async\" width=\"800\" height=\"534\" src=\"https:\/\/luxcenture.com\/wp-content\/uploads\/2025\/08\/vecteezy_vineyards-on-the-geneva-lake-shore-rivaz-village-switzerland_55526810-1024x683.webp\" class=\"attachment-large size-large wp-image-5332\" alt=\"Geneva vineyards villa\" srcset=\"https:\/\/luxcenture.com\/wp-content\/uploads\/2025\/08\/vecteezy_vineyards-on-the-geneva-lake-shore-rivaz-village-switzerland_55526810-1024x683.webp 1024w, https:\/\/luxcenture.com\/wp-content\/uploads\/2025\/08\/vecteezy_vineyards-on-the-geneva-lake-shore-rivaz-village-switzerland_55526810-300x200.webp 300w, https:\/\/luxcenture.com\/wp-content\/uploads\/2025\/08\/vecteezy_vineyards-on-the-geneva-lake-shore-rivaz-village-switzerland_55526810-768x512.webp 768w, https:\/\/luxcenture.com\/wp-content\/uploads\/2025\/08\/vecteezy_vineyards-on-the-geneva-lake-shore-rivaz-village-switzerland_55526810-1536x1024.webp 1536w, https:\/\/luxcenture.com\/wp-content\/uploads\/2025\/08\/vecteezy_vineyards-on-the-geneva-lake-shore-rivaz-village-switzerland_55526810-2048x1365.webp 2048w\" sizes=\"auto, (max-width: 800px) 100vw, 800px\" \/>\t\t\t\t\t\t\t\t\t\t\t\t\t\t\t<\/div>\n\t\t\t\t<\/div>\n\t\t\t\t\t<\/div>\n\t\t\t\t<\/div>\n\t\t<div class=\"elementor-element elementor-element-81bf320 e-flex e-con-boxed e-con e-parent\" data-id=\"81bf320\" data-element_type=\"container\" data-e-type=\"container\" data-settings=\"{&quot;background_background&quot;:&quot;classic&quot;}\">\n\t\t\t\t\t<div class=\"e-con-inner\">\n\t\t<div class=\"elementor-element elementor-element-7e7cc91 e-con-full e-flex e-con e-child\" data-id=\"7e7cc91\" data-element_type=\"container\" data-e-type=\"container\" data-settings=\"{&quot;background_background&quot;:&quot;gradient&quot;}\">\n\t\t\t\t<div class=\"elementor-element elementor-element-4f92b36 elementor-widget elementor-widget-text-editor\" data-id=\"4f92b36\" data-element_type=\"widget\" data-e-type=\"widget\" data-widget_type=\"text-editor.default\">\n\t\t\t\t<div class=\"elementor-widget-container\">\n\t\t\t\t\t\t\t\t\t<h3>Tessin &#8211; mediterraner Charme trifft auf Schweizer Sicherheit<\/h3><p>Erleben Sie &#8220;la dolce vita&#8221; auf Schweizer Boden. Das Tessin mit seinem milden Klima, den palmenges\u00e4umten Promenaden und den herrlichen Anwesen am See bietet italienisches Flair mit Schweizer Zuverl\u00e4ssigkeit. Villen und Residenzen in Lugano, Locarno und Ascona bieten einen unvergleichlichen Lebensstil und eine unvergleichliche Gelassenheit.  <\/p>\t\t\t\t\t\t\t\t<\/div>\n\t\t\t\t<\/div>\n\t\t\t\t<div class=\"elementor-element elementor-element-8a881e2 text-gradient elementor-widget elementor-widget-button\" data-id=\"8a881e2\" data-element_type=\"widget\" data-e-type=\"widget\" data-widget_type=\"button.default\">\n\t\t\t\t<div class=\"elementor-widget-container\">\n\t\t\t\t\t\t\t\t\t<div class=\"elementor-button-wrapper\">\n\t\t\t\t\t<a class=\"elementor-button elementor-button-link elementor-size-sm elementor-animation-float\" href=\"https:\/\/luxcenture.com\/de\/projekte\/?e-filter-2873edb-asset_category=real-estate-switzerland\">\n\t\t\t\t\t\t<span class=\"elementor-button-content-wrapper\">\n\t\t\t\t\t\t\t\t\t<span class=\"elementor-button-text\">Immobilien Schweiz \ufe0e<\/span>\n\t\t\t\t\t<\/span>\n\t\t\t\t\t<\/a>\n\t\t\t\t<\/div>\n\t\t\t\t\t\t\t\t<\/div>\n\t\t\t\t<\/div>\n\t\t\t\t<\/div>\n\t\t\t\t<div class=\"elementor-element elementor-element-df036bd elementor-widget elementor-widget-image\" data-id=\"df036bd\" data-element_type=\"widget\" data-e-type=\"widget\" data-widget_type=\"image.default\">\n\t\t\t\t<div class=\"elementor-widget-container\">\n\t\t\t\t\t\t\t\t\t\t\t\t\t\t\t<img loading=\"lazy\" decoding=\"async\" width=\"800\" height=\"534\" src=\"https:\/\/luxcenture.com\/wp-content\/uploads\/2025\/08\/lugano-3525677_1920-1-1024x683.webp\" class=\"attachment-large size-large wp-image-5337\" alt=\"Lugano lakefront villa\" srcset=\"https:\/\/luxcenture.com\/wp-content\/uploads\/2025\/08\/lugano-3525677_1920-1-1024x683.webp 1024w, https:\/\/luxcenture.com\/wp-content\/uploads\/2025\/08\/lugano-3525677_1920-1-300x200.webp 300w, https:\/\/luxcenture.com\/wp-content\/uploads\/2025\/08\/lugano-3525677_1920-1-768x512.webp 768w, https:\/\/luxcenture.com\/wp-content\/uploads\/2025\/08\/lugano-3525677_1920-1-1536x1024.webp 1536w, https:\/\/luxcenture.com\/wp-content\/uploads\/2025\/08\/lugano-3525677_1920-1.webp 1920w\" sizes=\"auto, (max-width: 800px) 100vw, 800px\" \/>\t\t\t\t\t\t\t\t\t\t\t\t\t\t\t<\/div>\n\t\t\t\t<\/div>\n\t\t\t\t\t<\/div>\n\t\t\t\t<\/div>\n\t\t\t\t<\/div>\n\t\t","protected":false},"excerpt":{"rendered":"<p>Off-Market Luxusimmobilien in der Schweiz &#8211; St. Moritz, Z\u00fcrich, Tessin, Zug &amp; mehr Entdecken Sie die feinsten, Off-Market Luxusimmobilien in St. Moritz, Z\u00fcrich, Tessin, Zug und der ganzen Schweiz. Ausgew\u00e4hlte Immobilien, diskreter Service und exklusiver Zugang zu Immobilien au\u00dferhalb des Marktes mit Luxcenture. Wir von Luxcenture bringen anspruchsvolle Kunden mit den prestigetr\u00e4chtigsten Immobilien der Schweiz [&hellip;]<\/p>\n","protected":false},"author":3,"featured_media":0,"parent":0,"menu_order":0,"comment_status":"closed","ping_status":"closed","template":"","meta":{"_acf_changed":false,"footnotes":""},"asset_category":[],"class_list":["post-5402","page","type-page","status-publish","hentry"],"acf":[],"_links":{"self":[{"href":"https:\/\/luxcenture.com\/de\/wp-json\/wp\/v2\/pages\/5402","targetHints":{"allow":["GET"]}}],"collection":[{"href":"https:\/\/luxcenture.com\/de\/wp-json\/wp\/v2\/pages"}],"about":[{"href":"https:\/\/luxcenture.com\/de\/wp-json\/wp\/v2\/types\/page"}],"author":[{"embeddable":true,"href":"https:\/\/luxcenture.com\/de\/wp-json\/wp\/v2\/users\/3"}],"replies":[{"embeddable":true,"href":"https:\/\/luxcenture.com\/de\/wp-json\/wp\/v2\/comments?post=5402"}],"version-history":[{"count":5,"href":"https:\/\/luxcenture.com\/de\/wp-json\/wp\/v2\/pages\/5402\/revisions"}],"predecessor-version":[{"id":8509,"href":"https:\/\/luxcenture.com\/de\/wp-json\/wp\/v2\/pages\/5402\/revisions\/8509"}],"wp:attachment":[{"href":"https:\/\/luxcenture.com\/de\/wp-json\/wp\/v2\/media?parent=5402"}],"wp:term":[{"taxonomy":"asset_category","embeddable":true,"href":"https:\/\/luxcenture.com\/de\/wp-json\/wp\/v2\/asset_category?post=5402"}],"curies":[{"name":"wp","href":"https:\/\/api.w.org\/{rel}","templated":true}]}}