{"id":6642,"date":"2025-10-12T11:24:24","date_gmt":"2025-10-12T09:24:24","guid":{"rendered":"https:\/\/luxcenture.com\/luyury-yacht-verkauf-kauf\/"},"modified":"2026-04-17T08:37:16","modified_gmt":"2026-04-17T06:37:16","slug":"luyury-yacht-verkauf-kauf","status":"publish","type":"page","link":"https:\/\/luxcenture.com\/de\/luyury-yacht-verkauf-kauf\/","title":{"rendered":"Luxusyacht Verkauf \/ Kauf"},"content":{"rendered":"\t\t<div data-elementor-type=\"wp-page\" data-elementor-id=\"6642\" class=\"elementor elementor-6642 elementor-6487\" data-elementor-post-type=\"page\">\n\t\t\t\t<div class=\"elementor-element elementor-element-41ecf3a e-con-full e-flex e-con e-parent\" data-id=\"41ecf3a\" data-element_type=\"container\" data-e-type=\"container\" data-settings=\"{&quot;background_background&quot;:&quot;slideshow&quot;,&quot;background_slideshow_ken_burns&quot;:&quot;yes&quot;,&quot;background_slideshow_ken_burns_zoom_direction&quot;:&quot;out&quot;,&quot;background_slideshow_transition_duration&quot;:2000,&quot;background_slideshow_gallery&quot;:[{&quot;id&quot;:6495,&quot;url&quot;:&quot;https:\\\/\\\/luxcenture.com\\\/wp-content\\\/uploads\\\/2025\\\/10\\\/11873.19.jpg.webp&quot;},{&quot;id&quot;:6493,&quot;url&quot;:&quot;https:\\\/\\\/luxcenture.com\\\/wp-content\\\/uploads\\\/2025\\\/10\\\/vecteezy_opulent-yacht-deck-offering-scenic-ocean-views-and-luxurious_55249350-scaled.webp&quot;},{&quot;id&quot;:6497,&quot;url&quot;:&quot;https:\\\/\\\/luxcenture.com\\\/wp-content\\\/uploads\\\/2025\\\/10\\\/19326.1.jpg.webp&quot;}],&quot;background_slideshow_loop&quot;:&quot;yes&quot;,&quot;background_slideshow_slide_duration&quot;:5000,&quot;background_slideshow_slide_transition&quot;:&quot;fade&quot;}\">\n\t\t\t\t<div class=\"elementor-element elementor-element-dfd41ac elementor-widget__width-initial elementor-invisible elementor-widget elementor-widget-heading\" data-id=\"dfd41ac\" data-element_type=\"widget\" data-e-type=\"widget\" data-settings=\"{&quot;_animation&quot;:&quot;fadeIn&quot;}\" data-widget_type=\"heading.default\">\n\t\t\t\t<div class=\"elementor-widget-container\">\n\t\t\t\t\t<h1 class=\"elementor-heading-title elementor-size-default\">Luxusyachten Verkauf \/ Kauf<\/h1>\t\t\t\t<\/div>\n\t\t\t\t<\/div>\n\t\t\t\t<div class=\"elementor-element elementor-element-810475d elementor-widget__width-initial elementor-widget elementor-widget-text-editor\" data-id=\"810475d\" data-element_type=\"widget\" data-e-type=\"widget\" data-widget_type=\"text-editor.default\">\n\t\t\t\t<div class=\"elementor-widget-container\">\n\t\t\t\t\t\t\t\t\t<p>Verkaufen Sie mit Zuversicht: Wir beschleunigen Ihren Verkauf durch eine fachkundige Preisgestaltung, eine herausragende Pr\u00e4sentation und einen einfachen Zugang zu K\u00e4ufern.<br><br data-start=\"151\" data-end=\"154\">Kaufen Sie mit Vorteil: W\u00e4hlen Sie eine bestehende Yacht, die sofort verf\u00fcgbar ist und geringere Kosten verursacht als ein Neubau &#8211; der gesamte Kauf kann in nur einem Monat abgeschlossen sein, wobei Verhandlungen zus\u00e4tzliche Einsparungen erm\u00f6glichen.<\/p>\t\t\t\t\t\t\t\t<\/div>\n\t\t\t\t<\/div>\n\t\t\t\t<\/div>\n\t\t<div class=\"elementor-element elementor-element-1a0bac8 e-con-full e-flex e-con e-parent\" data-id=\"1a0bac8\" data-element_type=\"container\" data-e-type=\"container\" data-settings=\"{&quot;background_background&quot;:&quot;classic&quot;}\">\n\t\t<div class=\"elementor-element elementor-element-e405b2d e-con-full e-flex e-con e-child\" data-id=\"e405b2d\" data-element_type=\"container\" data-e-type=\"container\">\n\t\t<div class=\"elementor-element elementor-element-8e2128a e-con-full e-flex e-con e-child\" data-id=\"8e2128a\" data-element_type=\"container\" data-e-type=\"container\">\n\t\t\t\t<div class=\"elementor-element elementor-element-2b052d8 elementor-widget elementor-widget-image\" data-id=\"2b052d8\" data-element_type=\"widget\" data-e-type=\"widget\" data-widget_type=\"image.default\">\n\t\t\t\t<div class=\"elementor-widget-container\">\n\t\t\t\t\t\t\t\t\t\t\t\t\t\t\t<img loading=\"lazy\" decoding=\"async\" width=\"2000\" height=\"1250\" src=\"https:\/\/luxcenture.com\/wp-content\/uploads\/2025\/10\/11873.0.jpg-e1769247676787.webp\" class=\"attachment-full size-full wp-image-6523\" alt=\"Vertige Yacht\" \/>\t\t\t\t\t\t\t\t\t\t\t\t\t\t\t<\/div>\n\t\t\t\t<\/div>\n\t\t\t\t<div class=\"elementor-element elementor-element-05dccea elementor-widget elementor-widget-image\" data-id=\"05dccea\" data-element_type=\"widget\" data-e-type=\"widget\" data-widget_type=\"image.default\">\n\t\t\t\t<div class=\"elementor-widget-container\">\n\t\t\t\t\t\t\t\t\t\t\t\t\t\t\t<img decoding=\"async\" src=\"https:\/\/luxcenture.com\/wp-content\/uploads\/2025\/10\/11873.18.jpg-1.webp\" title=\"\" alt=\"\" loading=\"lazy\" \/>\t\t\t\t\t\t\t\t\t\t\t\t\t\t\t<\/div>\n\t\t\t\t<\/div>\n\t\t\t\t<div class=\"elementor-element elementor-element-a1b07ba elementor-widget elementor-widget-image\" data-id=\"a1b07ba\" data-element_type=\"widget\" data-e-type=\"widget\" data-widget_type=\"image.default\">\n\t\t\t\t<div class=\"elementor-widget-container\">\n\t\t\t\t\t\t\t\t\t\t\t\t\t\t\t<img loading=\"lazy\" decoding=\"async\" width=\"2000\" height=\"1250\" src=\"https:\/\/luxcenture.com\/wp-content\/uploads\/2025\/10\/16397.13.jpg.webp\" class=\"attachment-full size-full wp-image-6532\" alt=\"Yacvht for Sale\" srcset=\"https:\/\/luxcenture.com\/wp-content\/uploads\/2025\/10\/16397.13.jpg.webp 2000w, https:\/\/luxcenture.com\/wp-content\/uploads\/2025\/10\/16397.13.jpg-300x188.webp 300w, https:\/\/luxcenture.com\/wp-content\/uploads\/2025\/10\/16397.13.jpg-1024x640.webp 1024w, https:\/\/luxcenture.com\/wp-content\/uploads\/2025\/10\/16397.13.jpg-768x480.webp 768w, https:\/\/luxcenture.com\/wp-content\/uploads\/2025\/10\/16397.13.jpg-1536x960.webp 1536w\" sizes=\"auto, (max-width: 2000px) 100vw, 2000px\" \/>\t\t\t\t\t\t\t\t\t\t\t\t\t\t\t<\/div>\n\t\t\t\t<\/div>\n\t\t\t\t<\/div>\n\t\t\t\t<\/div>\n\t\t<div class=\"elementor-element elementor-element-f6a300e e-con-full e-flex e-con e-child\" data-id=\"f6a300e\" data-element_type=\"container\" data-e-type=\"container\" data-settings=\"{&quot;background_background&quot;:&quot;gradient&quot;}\">\n\t\t\t\t<div class=\"elementor-element elementor-element-bdafd7b elementor-widget__width-inherit elementor-invisible elementor-widget elementor-widget-heading\" data-id=\"bdafd7b\" data-element_type=\"widget\" data-e-type=\"widget\" data-settings=\"{&quot;_animation&quot;:&quot;fadeIn&quot;}\" data-widget_type=\"heading.default\">\n\t\t\t\t<div class=\"elementor-widget-container\">\n\t\t\t\t\t<h2 class=\"elementor-heading-title elementor-size-default\"><strong>Verkauf und Kauf von <\/strong> Luxusyachten   <\/h2>\t\t\t\t<\/div>\n\t\t\t\t<\/div>\n\t\t\t\t<div class=\"elementor-element elementor-element-2fece13 elementor-widget__width-inherit elementor-widget elementor-widget-text-editor\" data-id=\"2fece13\" data-element_type=\"widget\" data-e-type=\"widget\" data-widget_type=\"text-editor.default\">\n\t\t\t\t<div class=\"elementor-widget-container\">\n\t\t\t\t\t\t\t\t\t<p data-start=\"49\" data-end=\"247\">Bei Luxcenture ist die Sache ganz einfach: Wir verbinden <strong data-start=\"99\" data-end=\"133\">diskrete Beratung<\/strong> mit einem leistungsstarken Maklerpartner, um Ergebnisse zu erzielen &#8211; <strong data-start=\"190\" data-end=\"204\">schnelle Verk\u00e4ufe<\/strong> und <strong data-start=\"209\" data-end=\"228\">intelligente K\u00e4ufe &#8211; <\/strong>ohne den L\u00e4rm.<\/p>\t\t\t\t\t\t\t\t<\/div>\n\t\t\t\t<\/div>\n\t\t\t\t<div class=\"elementor-element elementor-element-3fe57ad elementor-widget__width-inherit elementor-invisible elementor-widget elementor-widget-heading\" data-id=\"3fe57ad\" data-element_type=\"widget\" data-e-type=\"widget\" data-settings=\"{&quot;_animation&quot;:&quot;fadeIn&quot;}\" data-widget_type=\"heading.default\">\n\t\t\t\t<div class=\"elementor-widget-container\">\n\t\t\t\t\t<h2 class=\"elementor-heading-title elementor-size-default\">Warum mit Luxcenture <strong>kaufen<\/strong> <\/h2>\t\t\t\t<\/div>\n\t\t\t\t<\/div>\n\t\t\t\t<div class=\"elementor-element elementor-element-f226898 elementor-widget__width-inherit elementor-widget elementor-widget-text-editor\" data-id=\"f226898\" data-element_type=\"widget\" data-e-type=\"widget\" data-widget_type=\"text-editor.default\">\n\t\t\t\t<div class=\"elementor-widget-container\">\n\t\t\t\t\t\t\t\t\t<p data-start=\"276\" data-end=\"736\">Der Kauf einer bestehenden Yacht bedeutet <strong data-start=\"307\" data-end=\"333\">sofortige Verf\u00fcgbarkeit<\/strong> und <strong data-start=\"338\" data-end=\"352\">geringere Kosten<\/strong> als die Beauftragung eines Neubaus, wobei Transaktionen <strong data-start=\"423\" data-end=\"452\">in nur einem Monat <\/strong>abgeschlossen werden k\u00f6nnen <strong data-start=\"423\" data-end=\"452\">&#8211; <\/strong>und Raum f\u00fcr Einsparungen am Verhandlungstisch. Viele Makleryachten verf\u00fcgen au\u00dferdem \u00fcber eine <strong data-start=\"539\" data-end=\"562\">nachgewiesene Erfolgsbilanz<\/strong> und eine <strong data-start=\"567\" data-end=\"586\">Charterhistorie<\/strong>, und Sie k\u00f6nnen sie durch <strong data-start=\"616\" data-end=\"625\">Umr\u00fcstung<\/strong> nach Ihrem Geschmack gestalten &#8211; schneller und kosteneffizienter, als wenn Sie bei Null anfangen.<\/p><p data-start=\"738\" data-end=\"1005\"><strong data-start=\"738\" data-end=\"759\"><br \/>So schaffen wir Mehrwert:<\/strong> Wir stellen eine Auswahlliste zusammen, arrangieren Besichtigungen, steuern <strong data-start=\"811\" data-end=\"833\">Besichtigungen\/Seetests<\/strong> und k\u00fcmmern uns um Vertr\u00e4ge, Steuer-\/Flaggen\u00fcberlegungen und den Vertragsabschluss &#8211; damit Sie Ihre Energie in die Auswahl der richtigen Yacht stecken k\u00f6nnen und sich nicht um Papierkram k\u00fcmmern m\u00fcssen.<\/p>\t\t\t\t\t\t\t\t<\/div>\n\t\t\t\t<\/div>\n\t\t\t\t<div class=\"elementor-element elementor-element-35fa489 elementor-widget elementor-widget-button\" data-id=\"35fa489\" data-element_type=\"widget\" data-e-type=\"widget\" data-widget_type=\"button.default\">\n\t\t\t\t<div class=\"elementor-widget-container\">\n\t\t\t\t\t\t\t\t\t<div class=\"elementor-button-wrapper\">\n\t\t\t\t\t<a class=\"elementor-button elementor-button-link elementor-size-sm elementor-animation-float\" href=\"https:\/\/luxcenture.com\/de\/projekte\/?e-filter-2873edb-asset_category=yachts-for-sale\">\n\t\t\t\t\t\t<span class=\"elementor-button-content-wrapper\">\n\t\t\t\t\t\t\t\t\t<span class=\"elementor-button-text\">finden Sie eine Auswahl an Yachten zum Verkauf \ufe0e<\/span>\n\t\t\t\t\t<\/span>\n\t\t\t\t\t<\/a>\n\t\t\t\t<\/div>\n\t\t\t\t\t\t\t\t<\/div>\n\t\t\t\t<\/div>\n\t\t\t\t<div class=\"elementor-element elementor-element-cc764c5 elementor-widget__width-inherit elementor-invisible elementor-widget elementor-widget-heading\" data-id=\"cc764c5\" data-element_type=\"widget\" data-e-type=\"widget\" data-settings=\"{&quot;_animation&quot;:&quot;fadeIn&quot;}\" data-widget_type=\"heading.default\">\n\t\t\t\t<div class=\"elementor-widget-container\">\n\t\t\t\t\t<h2 class=\"elementor-heading-title elementor-size-default\">Warum mit Luxcenture <strong>verkaufen<\/strong> <\/h2>\t\t\t\t<\/div>\n\t\t\t\t<\/div>\n\t\t\t\t<div class=\"elementor-element elementor-element-a4fc890 elementor-widget__width-inherit elementor-widget elementor-widget-text-editor\" data-id=\"a4fc890\" data-element_type=\"widget\" data-e-type=\"widget\" data-widget_type=\"text-editor.default\">\n\t\t\t\t<div class=\"elementor-widget-container\">\n\t\t\t\t\t\t\t\t\t<div><p>Drei Dinge entscheiden \u00fcber Ihr Ergebnis:<span class=\"apple-converted-space\"> <\/span><strong data-start=\"1068\" data-end=\"1079\">Preise<\/strong>,<span class=\"apple-converted-space\"> <\/span><strong data-start=\"1081\" data-end=\"1097\">Pr\u00e4sentation<\/strong>, und<span class=\"apple-converted-space\"> <\/span><strong data-start=\"1103\" data-end=\"1120\">Zug\u00e4nglichkeit<\/strong>. Wir berechnen den Preis auf der Grundlage von Marktdaten, pr\u00e4sentieren die Yacht &#8220;mit den Augen eines K\u00e4ufers und eines Sachverst\u00e4ndigen&#8221; und beseitigen die Hindernisse f\u00fcr qualifizierte Besichtigungen. Dies sind die Hebel, die die Zeit auf dem Markt verk\u00fcrzen und den Wert sch\u00fctzen.  <br><br><\/p><\/div><div><p data-start=\"1357\" data-end=\"1600\"><strong data-start=\"1357\" data-end=\"1378\">Wie wir Mehrwert schaffen:<\/strong><span class=\"apple-converted-space\"> wir <\/span>koordinieren die Arbeiten und Medien im Vorfeld der Ausstellung, \u00f6ffnen gezielte Kan\u00e4le zu ernsthaften K\u00e4ufern und halten den Schwung von der ersten Anfrage bis zur Besichtigung und dem Abschluss aufrecht &#8211; vertraulich und effizient.<span class=\"apple-converted-space\"> <\/span><\/p><\/div>\t\t\t\t\t\t\t\t<\/div>\n\t\t\t\t<\/div>\n\t\t\t\t<div class=\"elementor-element elementor-element-6576f28 elementor-widget__width-inherit elementor-invisible elementor-widget elementor-widget-heading\" data-id=\"6576f28\" data-element_type=\"widget\" data-e-type=\"widget\" data-settings=\"{&quot;_animation&quot;:&quot;fadeIn&quot;}\" data-widget_type=\"heading.default\">\n\t\t\t\t<div class=\"elementor-widget-container\">\n\t\t\t\t\t<h2 class=\"elementor-heading-title elementor-size-default\">Unser <strong>Vorteil<\/strong><\/h2>\t\t\t\t<\/div>\n\t\t\t\t<\/div>\n\t\t\t\t<div class=\"elementor-element elementor-element-8631dcd elementor-widget__width-inherit elementor-widget elementor-widget-text-editor\" data-id=\"8631dcd\" data-element_type=\"widget\" data-e-type=\"widget\" data-widget_type=\"text-editor.default\">\n\t\t\t\t<div class=\"elementor-widget-container\">\n\t\t\t\t\t\t\t\t\t<p>\u2713Diskretion <strong>+ Reichweite: <\/strong>Ihr Name bleibt privat, Ihre Jacht nicht.<\/p><p>\u2713Weniger<strong>, bessere Optionen: <\/strong>Wir filtern aggressiv, damit Sie Zeit sparen.<\/p><p>\u2713Ausf\u00fchrung <strong>im Fokus: <\/strong>saubere Vertr\u00e4ge, reibungslose Logistik, disziplinierte Zeitpl\u00e4ne.<\/p><p><br \/>Wenn Sie einen <strong>Verkauf<\/strong> in Erw\u00e4gung ziehen oder \u00fcberlegen, was Sie als N\u00e4chstes <strong>kaufen<\/strong> m\u00f6chten, werden wir den Prozess pers\u00f6nlich begleiten und bei jedem Schritt die richtigen Spezialisten beauftragen.<br \/><br \/><\/p><p><strong>Nehmen Sie noch heute Kontakt mit uns<\/strong> auf, um Ihre Bed\u00fcrfnisse zu besprechen und Ihre Reise zu Ihrer Traumyacht zu beginnen.<\/p>\t\t\t\t\t\t\t\t<\/div>\n\t\t\t\t<\/div>\n\t\t\t\t<div class=\"elementor-element elementor-element-22afabd elementor-widget elementor-widget-button\" data-id=\"22afabd\" data-element_type=\"widget\" data-e-type=\"widget\" data-widget_type=\"button.default\">\n\t\t\t\t<div class=\"elementor-widget-container\">\n\t\t\t\t\t\t\t\t\t<div class=\"elementor-button-wrapper\">\n\t\t\t\t\t<a class=\"elementor-button elementor-button-link elementor-size-sm elementor-animation-float\" href=\"https:\/\/luxcenture.com\/de\/projekte\/?e-filter-2873edb-asset_category=yachts-for-sale\">\n\t\t\t\t\t\t<span class=\"elementor-button-content-wrapper\">\n\t\t\t\t\t\t\t\t\t<span class=\"elementor-button-text\">Finden Sie eine Auswahl an Yachten zum Verkauf \ufe0e<\/span>\n\t\t\t\t\t<\/span>\n\t\t\t\t\t<\/a>\n\t\t\t\t<\/div>\n\t\t\t\t\t\t\t\t<\/div>\n\t\t\t\t<\/div>\n\t\t\t\t<div class=\"elementor-element elementor-element-5c961af elementor-widget elementor-widget-button\" data-id=\"5c961af\" data-element_type=\"widget\" data-e-type=\"widget\" data-widget_type=\"button.default\">\n\t\t\t\t<div class=\"elementor-widget-container\">\n\t\t\t\t\t\t\t\t\t<div class=\"elementor-button-wrapper\">\n\t\t\t\t\t<a class=\"elementor-button elementor-button-link elementor-size-sm elementor-animation-float\" href=\"https:\/\/luxcenture.com\/de\/kauf-einer-yacht-im-jahr-2025-kosten-ablauf-und-profi-tipps\/\">\n\t\t\t\t\t\t<span class=\"elementor-button-content-wrapper\">\n\t\t\t\t\t\t\t\t\t<span class=\"elementor-button-text\">Lesen Sie mehr in unseren Einblicken \ufe0e<\/span>\n\t\t\t\t\t<\/span>\n\t\t\t\t\t<\/a>\n\t\t\t\t<\/div>\n\t\t\t\t\t\t\t\t<\/div>\n\t\t\t\t<\/div>\n\t\t\t\t<\/div>\n\t\t\t\t<\/div>\n\t\t<div class=\"elementor-element elementor-element-851c626 e-flex e-con-boxed e-con e-parent\" data-id=\"851c626\" data-element_type=\"container\" data-e-type=\"container\" data-settings=\"{&quot;background_background&quot;:&quot;classic&quot;}\">\n\t\t\t\t\t<div class=\"e-con-inner\">\n\t\t<div class=\"elementor-element elementor-element-cbcd61f e-con-full e-flex e-con e-child\" data-id=\"cbcd61f\" data-element_type=\"container\" data-e-type=\"container\" data-settings=\"{&quot;background_background&quot;:&quot;classic&quot;,&quot;motion_fx_motion_fx_scrolling&quot;:&quot;yes&quot;,&quot;motion_fx_opacity_effect&quot;:&quot;yes&quot;,&quot;motion_fx_opacity_direction&quot;:&quot;in-out&quot;,&quot;motion_fx_opacity_range&quot;:{&quot;unit&quot;:&quot;%&quot;,&quot;size&quot;:&quot;&quot;,&quot;sizes&quot;:{&quot;start&quot;:60,&quot;end&quot;:95}},&quot;motion_fx_opacity_level&quot;:{&quot;unit&quot;:&quot;px&quot;,&quot;size&quot;:10,&quot;sizes&quot;:[]},&quot;motion_fx_devices&quot;:[&quot;desktop&quot;,&quot;laptop&quot;,&quot;tablet_extra&quot;,&quot;tablet&quot;,&quot;mobile_extra&quot;,&quot;mobile&quot;]}\">\n\t\t\t\t<div class=\"elementor-element elementor-element-7adbbd2 elementor-widget__width-inherit elementor-invisible elementor-widget elementor-widget-heading\" data-id=\"7adbbd2\" data-element_type=\"widget\" data-e-type=\"widget\" data-settings=\"{&quot;_animation&quot;:&quot;fadeIn&quot;}\" data-widget_type=\"heading.default\">\n\t\t\t\t<div class=\"elementor-widget-container\">\n\t\t\t\t\t<h2 class=\"elementor-heading-title elementor-size-default\"> <strong> FAQ <\/strong> Yacht Verkauf \/ Kauf<\/h2>\t\t\t\t<\/div>\n\t\t\t\t<\/div>\n\t\t\t\t<div class=\"elementor-element elementor-element-ad190b3 elementor-widget elementor-widget-text-editor\" data-id=\"ad190b3\" data-element_type=\"widget\" data-e-type=\"widget\" data-widget_type=\"text-editor.default\">\n\t\t\t\t<div class=\"elementor-widget-container\">\n\t\t\t\t\t\t\t\t\t<h4 data-start=\"3732\" data-end=\"3781\">1) Was macht ein Yacht-Broker beim Kauf?<\/h4><p data-start=\"3782\" data-end=\"4117\">Ein Broker sourct passende Yachten, organisiert Besichtigungen, unterst\u00fctzt die Preisverhandlung und koordiniert Survey\/Sea Trial sowie den gesamten Transaktionsablauf bis zum Closing. Ziel ist Schutz Ihrer Interessen durch strukturierte Dokumentation, Timeline-Kontrolle und gepr\u00fcfte Gegenparteien. Im Off-Market Bereich kommt kontrollierte Offenlegung hinzu.  <\/p><h4 data-start=\"4119\" data-end=\"4179\">2) Wie l\u00e4uft ein Yachtkauf typischerweise ab?<\/h4><p data-start=\"4180\" data-end=\"4509\">\u00dcbliche Schritte: Briefing &amp; Shortlist, Angebot\/LOI, Kaufvertrag, Anzahlung, Survey &amp; Sea Trial, Verhandlung basierend auf Findings, Dokumenten-\/Compliance-Checks und Closing mit Eigentums\u00fcbertrag. Dauer und Komplexit\u00e4t h\u00e4ngen von Jurisdiktion, Zustand und Dealstruktur ab. Luxcenture steuert dies als Projekt mit klaren Meilensteinen.  <\/p><h4 data-start=\"4511\" data-end=\"4558\">3) Neubau vs. Brokerage: was ist besser?<\/h4><p data-start=\"4559\" data-end=\"4869\">Neubau bietet maximale Individualisierung und oft Garantien, aber l\u00e4ngere Lieferzeiten und h\u00f6here Investitionen. Brokerage (gebraucht) erm\u00f6glicht meist schnellere \u00dcbergabe und teils bessere Value, erfordert jedoch sorgf\u00e4ltige technische und rechtliche Pr\u00fcfung. Die richtige Wahl h\u00e4ngt von Zeitplan, Use-Case und Risikoprofil ab.  <\/p><h4 data-start=\"4871\" data-end=\"4919\">4) Was ist ein Survey und warum ist er entscheidend?<\/h4><p data-start=\"4920\" data-end=\"5202\">Der Survey ist eine unabh\u00e4ngige technische Pr\u00fcfung \u2013 h\u00e4ufig kombiniert mit einem Sea Trial. Er deckt strukturelle, mechanische und operative Risiken auf und ist Basis f\u00fcr Nachverhandlung oder Instandsetzung. Im High-Value Segment ist ein hochwertiger Survey ein zentraler Risikofilter.  <\/p><h4 data-start=\"5204\" data-end=\"5261\">5) Wie pr\u00fcfen Sie Eigentum, Lasten und Dokumente?<\/h4><p data-start=\"5262\" data-end=\"5538\">Wir koordinieren maritime Spezialjuristen zur Pr\u00fcfung von Eigentum\/Registration, allf\u00e4lligen Belastungen, VAT\/Tax-Position (wo relevant) und Compliance-Dokumenten. Das minimiert versteckte Haftungen. Dokumenten-Readiness ist zentral f\u00fcr ein sauberes Closing.  <\/p><h4 data-start=\"5540\" data-end=\"5579\">6) Wie wird der Preis verhandelt?<\/h4><p data-start=\"5580\" data-end=\"5830\">Preislogik basiert auf vergleichbaren Verk\u00e4ufen, Zustand, Service-Historie, Refit-Bedarf und aktueller Nachfrage. Survey-Findings liefern h\u00e4ufig die entscheidende Verhandlungsbasis. Wir verhandeln faktenbasiert, um den Wert zu sch\u00fctzen und \u00dcberzahlung zu vermeiden.  <\/p><h4 data-start=\"5832\" data-end=\"5876\">7) Welche laufenden Kosten entstehen beim Yachtbesitz?<\/h4><p data-start=\"5877\" data-end=\"6154\">Typisch: Crew, Maintenance, Versicherung, Liegeplatz, Treibstoff, Management und periodische Refits. Die Kosten korrelieren stark mit Gr\u00f6sse, Technik und Nutzungsintensit\u00e4t. Vor Kauf erstellen wir eine strukturierte Kosten\u00fcbersicht als Entscheidungsgrundlage.  <\/p><h4 data-start=\"6156\" data-end=\"6193\">8) Gibt es Off-Market Yachten?<\/h4><p data-start=\"6194\" data-end=\"6463\">Ja \u2013 Off-Market ergibt sich, wenn Eigent\u00fcmer Diskretion w\u00fcnschen oder selektiv \u00fcber vertrauensbasierte Netzwerke anbieten. Zugang erfordert h\u00e4ufig Qualifizierung und kontrollierte Offenlegung. Luxcenture kann diskrete Opportunit\u00e4ten erg\u00e4nzend zu \u00f6ffentlichen Listings sourcen.  <\/p><h4 data-start=\"6465\" data-end=\"6509\">9) Wie lange dauert ein Yachtkauf?<\/h4><p data-start=\"6510\" data-end=\"6780\">Einfache Brokerage-Deals sind teils in wenigen Wochen m\u00f6glich; komplexe F\u00e4lle mit Refits, mehreren Jurisdiktionen oder Finanzierung dauern l\u00e4nger. Survey-Termine und Dokumentenpr\u00fcfung sind h\u00e4ufig die Haupttreiber. Sauberes Projektmanagement reduziert Verz\u00f6gerungen.  <\/p><h4 data-start=\"6782\" data-end=\"6832\">10) Unterst\u00fctzen Sie Escrow und sichere Zahlungsabwicklung?<\/h4><p data-start=\"6833\" data-end=\"7098\">Ja \u2013 sichere Zahlungsstrukturen sind Standard, oft \u00fcber Escrow-L\u00f6sungen in Abstimmung mit maritimem Legal Counsel. Das sch\u00fctzt K\u00e4ufer und Verk\u00e4ufer bei Anzahlungen und Final Settlement. Wir stellen sicher, dass Zahlungen sauber an Vertragsmeilensteine gekoppelt sind.  <\/p>\t\t\t\t\t\t\t\t<\/div>\n\t\t\t\t<\/div>\n\t\t\t\t<div class=\"elementor-element elementor-element-441fecf elementor-widget elementor-widget-button\" data-id=\"441fecf\" data-element_type=\"widget\" data-e-type=\"widget\" data-widget_type=\"button.default\">\n\t\t\t\t<div class=\"elementor-widget-container\">\n\t\t\t\t\t\t\t\t\t<div class=\"elementor-button-wrapper\">\n\t\t\t\t\t<a class=\"elementor-button elementor-button-link elementor-size-sm elementor-animation-float\" href=\"https:\/\/luxcenture.com\/de\/kontakt\/\">\n\t\t\t\t\t\t<span class=\"elementor-button-content-wrapper\">\n\t\t\t\t\t\t\t\t\t<span class=\"elementor-button-text\">Kontaktieren Sie uns \ufe0e<\/span>\n\t\t\t\t\t<\/span>\n\t\t\t\t\t<\/a>\n\t\t\t\t<\/div>\n\t\t\t\t\t\t\t\t<\/div>\n\t\t\t\t<\/div>\n\t\t\t\t<\/div>\n\t\t\t\t\t<\/div>\n\t\t\t\t<\/div>\n\t\t\t\t<\/div>\n\t\t","protected":false},"excerpt":{"rendered":"<p>Luxusyachten Verkauf \/ Kauf Verkaufen Sie mit Zuversicht: Wir beschleunigen Ihren Verkauf durch eine fachkundige Preisgestaltung, eine herausragende Pr\u00e4sentation und einen einfachen Zugang zu K\u00e4ufern.Kaufen Sie mit Vorteil: W\u00e4hlen Sie eine bestehende Yacht, die sofort verf\u00fcgbar ist und geringere Kosten verursacht als ein Neubau &#8211; der gesamte Kauf kann in nur einem Monat abgeschlossen sein, [&hellip;]<\/p>\n","protected":false},"author":3,"featured_media":0,"parent":0,"menu_order":0,"comment_status":"closed","ping_status":"closed","template":"","meta":{"_acf_changed":false,"footnotes":""},"asset_category":[],"class_list":["post-6642","page","type-page","status-publish","hentry"],"acf":[],"_links":{"self":[{"href":"https:\/\/luxcenture.com\/de\/wp-json\/wp\/v2\/pages\/6642","targetHints":{"allow":["GET"]}}],"collection":[{"href":"https:\/\/luxcenture.com\/de\/wp-json\/wp\/v2\/pages"}],"about":[{"href":"https:\/\/luxcenture.com\/de\/wp-json\/wp\/v2\/types\/page"}],"author":[{"embeddable":true,"href":"https:\/\/luxcenture.com\/de\/wp-json\/wp\/v2\/users\/3"}],"replies":[{"embeddable":true,"href":"https:\/\/luxcenture.com\/de\/wp-json\/wp\/v2\/comments?post=6642"}],"version-history":[{"count":10,"href":"https:\/\/luxcenture.com\/de\/wp-json\/wp\/v2\/pages\/6642\/revisions"}],"predecessor-version":[{"id":9838,"href":"https:\/\/luxcenture.com\/de\/wp-json\/wp\/v2\/pages\/6642\/revisions\/9838"}],"wp:attachment":[{"href":"https:\/\/luxcenture.com\/de\/wp-json\/wp\/v2\/media?parent=6642"}],"wp:term":[{"taxonomy":"asset_category","embeddable":true,"href":"https:\/\/luxcenture.com\/de\/wp-json\/wp\/v2\/asset_category?post=6642"}],"curies":[{"name":"wp","href":"https:\/\/api.w.org\/{rel}","templated":true}]}}