{"id":8482,"date":"2026-01-15T16:35:41","date_gmt":"2026-01-15T15:35:41","guid":{"rendered":"https:\/\/luxcenture.com\/off-market-gebuehren-logik-nicht-prozentsaetze\/"},"modified":"2026-04-08T08:42:12","modified_gmt":"2026-04-08T06:42:12","slug":"off-market-gebuehren-logik-nicht-prozentsaetze","status":"publish","type":"page","link":"https:\/\/luxcenture.com\/de\/off-market-gebuehren-logik-nicht-prozentsaetze\/","title":{"rendered":"Off-Market Geb\u00fchren (Logik, nicht Prozents\u00e4tze)"},"content":{"rendered":"\t\t<div data-elementor-type=\"wp-page\" data-elementor-id=\"8482\" class=\"elementor elementor-8482 elementor-8416\" data-elementor-post-type=\"page\">\n\t\t\t\t<div class=\"elementor-element elementor-element-6b550ad e-con-full e-flex e-con e-parent\" data-id=\"6b550ad\" data-element_type=\"container\" data-e-type=\"container\" data-settings=\"{&quot;background_background&quot;:&quot;classic&quot;}\">\n\t\t\t\t<div class=\"elementor-element elementor-element-1cf52cd elementor-widget__width-initial elementor-invisible elementor-widget elementor-widget-heading\" data-id=\"1cf52cd\" data-element_type=\"widget\" data-e-type=\"widget\" data-settings=\"{&quot;_animation&quot;:&quot;fadeIn&quot;}\" data-widget_type=\"heading.default\">\n\t\t\t\t<div class=\"elementor-widget-container\">\n\t\t\t\t\t<h1 class=\"elementor-heading-title elementor-size-default\">Off-Market Geb\u00fchren (Logik, nicht Prozents\u00e4tze)<\/h1>\t\t\t\t<\/div>\n\t\t\t\t<\/div>\n\t\t\t\t<div class=\"elementor-element elementor-element-45f4a12 elementor-widget__width-initial elementor-widget elementor-widget-text-editor\" data-id=\"45f4a12\" data-element_type=\"widget\" data-e-type=\"widget\" data-widget_type=\"text-editor.default\">\n\t\t\t\t<div class=\"elementor-widget-container\">\n\t\t\t\t\t\t\t\t\t<p>Ausgelegt f\u00fcr Diskretion und Strenge &#8211; Grundhonorar wo Struktur erforderlich ist, erfolgsabh\u00e4ngige Geb\u00fchren, wo Ergebnisse z\u00e4hlen.<\/p>\t\t\t\t\t\t\t\t<\/div>\n\t\t\t\t<\/div>\n\t\t\t\t<\/div>\n\t\t<div class=\"elementor-element elementor-element-c0aa5ab e-con-full e-flex e-con e-parent\" data-id=\"c0aa5ab\" data-element_type=\"container\" data-e-type=\"container\" data-settings=\"{&quot;background_background&quot;:&quot;classic&quot;}\">\n\t\t<div class=\"elementor-element elementor-element-7a02604 e-con-full e-flex e-con e-child\" data-id=\"7a02604\" data-element_type=\"container\" data-e-type=\"container\">\n\t\t<div class=\"elementor-element elementor-element-62125ce e-con-full e-flex e-con e-child\" data-id=\"62125ce\" data-element_type=\"container\" data-e-type=\"container\" data-settings=\"{&quot;background_background&quot;:&quot;gradient&quot;}\">\n\t\t\t\t<div class=\"elementor-element elementor-element-c8d6659 elementor-widget__width-inherit elementor-invisible elementor-widget elementor-widget-heading\" data-id=\"c8d6659\" data-element_type=\"widget\" data-e-type=\"widget\" data-settings=\"{&quot;_animation&quot;:&quot;fadeIn&quot;}\" data-widget_type=\"heading.default\">\n\t\t\t\t<div class=\"elementor-widget-container\">\n\t\t\t\t\t<h1 class=\"elementor-heading-title elementor-size-default\">Off-Market <strong>Geb\u00fchren<\/strong>: Ein Modell, wie sie funtionoieren<\/h1>\t\t\t\t<\/div>\n\t\t\t\t<\/div>\n\t\t\t\t<div class=\"elementor-element elementor-element-d16aa32 elementor-widget__width-inherit elementor-widget elementor-widget-text-editor\" data-id=\"d16aa32\" data-element_type=\"widget\" data-e-type=\"widget\" data-widget_type=\"text-editor.default\">\n\t\t\t\t<div class=\"elementor-widget-container\">\n\t\t\t\t\t\t\t\t\t<p data-start=\"12206\" data-end=\"12389\">Off-Market Geb\u00fchren spiegeln den <strong data-start=\"12234\" data-end=\"12251\">Arbeitsaufwand<\/strong> wider, der f\u00fcr die Beschaffung, Qualifizierung, Positionierung, Verhandlung und den Abschluss erforderlich ist &#8211; unter h\u00f6herer Vertraulichkeit und mit h\u00f6herer Prozessdisziplin als bei \u00f6ffentlichen Transaktionen.<br><br><\/p><h4 data-start=\"12391\" data-end=\"12431\">\u00dcbliche Geb\u00fchrenmodelle (illustrativ)<\/h4><p data-start=\"12432\" data-end=\"12571\"><strong data-start=\"12432\" data-end=\"12450\">1) Erfolgshonorar<\/strong><br data-start=\"12450\" data-end=\"12453\">Ergebnisabh\u00e4ngiges Honorar, zahlbar bei Abschluss. Wird oft verwendet, wenn der Umfang \u00fcberschaubar und der Zeitrahmen vorhersehbar ist.<br><br><\/p><p data-start=\"12573\" data-end=\"12774\"><strong data-start=\"12573\" data-end=\"12611\">2) Retainer + Erfolgshonorar (Hybrid)<\/strong><br data-start=\"12611\" data-end=\"12614\">Ein Retainer deckt die strukturierte Arbeit ab (Sourcing, Screening, Koordination der Dokumentation, kontrollierte Kontaktaufnahme). Das Erfolgshonorar belohnt das Ergebnis und die Durchf\u00fchrung des Abschlusses.<br><br><\/p><p data-start=\"12776\" data-end=\"12932\"><strong data-start=\"12776\" data-end=\"12809\">3) Definiertes Beratungshonorar<\/strong><br data-start=\"12809\" data-end=\"12812\">Wird f\u00fcr spezifische Leistungen wie Bewertung\/Benchmarking, Koordination der Due Diligence oder Unterst\u00fctzung bei der strategischen Strukturierung verwendet.<br><br><\/p><h4 data-start=\"12934\" data-end=\"12967\">Was die Geb\u00fchrenlogik bestimmt<\/h4><ul data-start=\"12968\" data-end=\"13264\"><li data-start=\"12968\" data-end=\"13040\"><p data-start=\"12970\" data-end=\"13040\">Anlageklasse und operative Komplexit\u00e4t (Immobilien vs. Jacht vs. Jet)<\/p><\/li><li data-start=\"13041\" data-end=\"13088\"><p data-start=\"13043\" data-end=\"13088\">Anzahl der Stakeholder und Vertraulichkeitsstufe<\/p><\/li><li data-start=\"13089\" data-end=\"13150\"><p data-start=\"13091\" data-end=\"13150\">Zust\u00e4ndigkeiten, Dokumentation und Compliance-Anforderungen<\/p><\/li><li data-start=\"13151\" data-end=\"13208\"><p data-start=\"13153\" data-end=\"13208\">Dringlichkeit, Verf\u00fcgbarkeitsbeschr\u00e4nkungen und Beschaffungstiefe<\/p><\/li><li data-start=\"13209\" data-end=\"13264\"><p data-start=\"13211\" data-end=\"13264\">Umfang: nur Einf\u00fchrungen vs. End-to-End-Orchestrierung<\/p><\/li><\/ul>\t\t\t\t\t\t\t\t<\/div>\n\t\t\t\t<\/div>\n\t\t\t\t<div class=\"elementor-element elementor-element-3a787e5 elementor-widget elementor-widget-button\" data-id=\"3a787e5\" data-element_type=\"widget\" data-e-type=\"widget\" data-widget_type=\"button.default\">\n\t\t\t\t<div class=\"elementor-widget-container\">\n\t\t\t\t\t\t\t\t\t<div class=\"elementor-button-wrapper\">\n\t\t\t\t\t<a class=\"elementor-button elementor-button-link elementor-size-sm elementor-animation-float\" href=\"https:\/\/luxcenture.com\/de\/kontakt\/\">\n\t\t\t\t\t\t<span class=\"elementor-button-content-wrapper\">\n\t\t\t\t\t\t\t\t\t<span class=\"elementor-button-text\">Kontaktieren Sie uns \ufe0e<\/span>\n\t\t\t\t\t<\/span>\n\t\t\t\t\t<\/a>\n\t\t\t\t<\/div>\n\t\t\t\t\t\t\t\t<\/div>\n\t\t\t\t<\/div>\n\t\t\t\t<\/div>\n\t\t\t\t<\/div>\n\t\t<div class=\"elementor-element elementor-element-db2e0b9 e-con-full e-flex e-con e-child\" data-id=\"db2e0b9\" data-element_type=\"container\" data-e-type=\"container\" data-settings=\"{&quot;background_background&quot;:&quot;gradient&quot;}\">\n\t\t\t\t<div class=\"elementor-element elementor-element-aa872c2 elementor-widget__width-inherit elementor-invisible elementor-widget elementor-widget-heading\" data-id=\"aa872c2\" data-element_type=\"widget\" data-e-type=\"widget\" data-settings=\"{&quot;_animation&quot;:&quot;fadeIn&quot;}\" data-widget_type=\"heading.default\">\n\t\t\t\t<div class=\"elementor-widget-container\">\n\t\t\t\t\t<h2 class=\"elementor-heading-title elementor-size-default\"><strong>FAQ<\/strong> Off-Market Geb\u00fchren<\/h2>\t\t\t\t<\/div>\n\t\t\t\t<\/div>\n\t\t\t\t<div class=\"elementor-element elementor-element-9a3660c elementor-widget__width-inherit elementor-widget elementor-widget-text-editor\" data-id=\"9a3660c\" data-element_type=\"widget\" data-e-type=\"widget\" data-widget_type=\"text-editor.default\">\n\t\t\t\t<div class=\"elementor-widget-container\">\n\t\t\t\t\t\t\t\t\t<p data-start=\"6672\" data-end=\"6977\"><strong data-start=\"6672\" data-end=\"6720\">1) Bezahlen die K\u00e4ufer Geb\u00fchren oder ist sie vom Verk\u00e4ufer bezahlt?<\/strong><br data-start=\"6720\" data-end=\"6723\">Das h\u00e4ngt von der Mandatsstruktur, der Anlageklasse und der Marktpraxis ab. Einige Gesch\u00e4fte werden vom Verk\u00e4ufer bezahlt, andere beinhalten Geb\u00fchren f\u00fcr die Vertretung des K\u00e4ufers, und wieder andere verwenden ein Mischmodell. Luxcenture kl\u00e4rt die kommerzielle Struktur im Voraus, damit diese transparent ist.  <br><br><\/p><p data-start=\"6979\" data-end=\"7354\"><strong data-start=\"6979\" data-end=\"7042\">2) Warum beinhalten Off-Market Mandate manchmal ein Grundhonorar (Retainer)?<\/strong><br data-start=\"7042\" data-end=\"7045\">Die Off-Market Auftragsvergabe erfordert eine strukturierte Arbeit, bevor sie \u00f6ffentlich sichtbar wird: gr\u00fcndliche Dokumentenbeschaffung, Qualifizierung, selektive Kontaktaufnahme, Verwaltung der Dokumentation und koordinierte Sorgfaltspflicht. Ein Retainer kann diese Ausf\u00fchrungsdisziplin finanzieren und die Gewissheit des Fortschritts erh\u00f6hen. Ausserdem wird dadurch die Zeitverschwendung auf beiden Seiten reduziert.  <br><br><\/p><p data-start=\"7356\" data-end=\"7697\"><strong data-start=\"7356\" data-end=\"7405\">3)Was deckt das Grundhonorar in der Praxis ab?<\/strong><br data-start=\"7405\" data-end=\"7408\">Typischerweise: Verfeinerung des Briefings von K\u00e4ufern und Verk\u00e4ufern, Zugang und Kontaktaufnahme, Screening und Qualifizierung, Erstellung von Dossiers, Prozesssteuerung und Koordination zwischen den Beteiligten. Es kann auch das Projektmanagement bis zu den Meilensteinen der Due Diligence umfassen. Der genaue Umfang wird im Mandat festgelegt.  <br><br><\/p><p data-start=\"7699\" data-end=\"8022\"><strong data-start=\"7699\" data-end=\"7758\">4) Wie richtet man die Anreizstruktur aus, wenn es ein Grundhonorar gibt?<\/strong><br data-start=\"7758\" data-end=\"7761\">Indem Sie klare Leistungen und Meilensteine f\u00fcr den Retainer-Teil definieren und eine Erfolgskomponente an den Abschluss kn\u00fcpfen. Dies sorgt f\u00fcr eine disziplinierte Ausf\u00fchrung bei gleichzeitiger Ausrichtung auf das Ergebnis. Die Struktur ist so angelegt, dass Konflikte vermieden und Leistung belohnt wird.  <br><br><\/p><p data-start=\"8024\" data-end=\"8412\"><strong data-start=\"8024\" data-end=\"8101\">5) K\u00f6nnen Geb\u00fchren f\u00fcr Family Offices mit mehreren Akquisitionen strukturiert werden?<\/strong><br data-start=\"8101\" data-end=\"8104\">Ja. Family-Office-Mandate k\u00f6nnen mit einer Portfoliologik strukturiert werden, z. B. mit mandatierter Beratungskapazit\u00e4t (Grundhonorar)und erfolgsabh\u00e4ngigen Komponenten pro Transaktion. Dies verbessert die Kontinuit\u00e4t, Reporting-Frequenz und die Ausf\u00fchrung der Pipeline \u00fcber mehrere Opportunit\u00e4ten hinweg. Das Ziel ist Klarheit, Vorhersehbarkeit und Anpassung im Laufe der Zeit.   <br><br><\/p>\t\t\t\t\t\t\t\t<\/div>\n\t\t\t\t<\/div>\n\t\t\t\t<\/div>\n\t\t\t\t<\/div>\n\t\t\t\t<\/div>\n\t\t","protected":false},"excerpt":{"rendered":"<p>Off-Market Geb\u00fchren (Logik, nicht Prozents\u00e4tze) Ausgelegt f\u00fcr Diskretion und Strenge &#8211; Grundhonorar wo Struktur erforderlich ist, erfolgsabh\u00e4ngige Geb\u00fchren, wo Ergebnisse z\u00e4hlen. Off-Market Geb\u00fchren: Ein Modell, wie sie funtionoieren Off-Market Geb\u00fchren spiegeln den Arbeitsaufwand wider, der f\u00fcr die Beschaffung, Qualifizierung, Positionierung, Verhandlung und den Abschluss erforderlich ist &#8211; unter h\u00f6herer Vertraulichkeit und mit h\u00f6herer Prozessdisziplin als [&hellip;]<\/p>\n","protected":false},"author":3,"featured_media":0,"parent":0,"menu_order":0,"comment_status":"closed","ping_status":"closed","template":"","meta":{"_acf_changed":false,"footnotes":""},"asset_category":[],"class_list":["post-8482","page","type-page","status-publish","hentry"],"acf":[],"_links":{"self":[{"href":"https:\/\/luxcenture.com\/de\/wp-json\/wp\/v2\/pages\/8482","targetHints":{"allow":["GET"]}}],"collection":[{"href":"https:\/\/luxcenture.com\/de\/wp-json\/wp\/v2\/pages"}],"about":[{"href":"https:\/\/luxcenture.com\/de\/wp-json\/wp\/v2\/types\/page"}],"author":[{"embeddable":true,"href":"https:\/\/luxcenture.com\/de\/wp-json\/wp\/v2\/users\/3"}],"replies":[{"embeddable":true,"href":"https:\/\/luxcenture.com\/de\/wp-json\/wp\/v2\/comments?post=8482"}],"version-history":[{"count":7,"href":"https:\/\/luxcenture.com\/de\/wp-json\/wp\/v2\/pages\/8482\/revisions"}],"predecessor-version":[{"id":8947,"href":"https:\/\/luxcenture.com\/de\/wp-json\/wp\/v2\/pages\/8482\/revisions\/8947"}],"wp:attachment":[{"href":"https:\/\/luxcenture.com\/de\/wp-json\/wp\/v2\/media?parent=8482"}],"wp:term":[{"taxonomy":"asset_category","embeddable":true,"href":"https:\/\/luxcenture.com\/de\/wp-json\/wp\/v2\/asset_category?post=8482"}],"curies":[{"name":"wp","href":"https:\/\/api.w.org\/{rel}","templated":true}]}}