{"id":8586,"date":"2026-01-16T18:17:11","date_gmt":"2026-01-16T17:17:11","guid":{"rendered":"https:\/\/luxcenture.com\/glossar\/"},"modified":"2026-04-08T08:16:25","modified_gmt":"2026-04-08T06:16:25","slug":"glossar","status":"publish","type":"page","link":"https:\/\/luxcenture.com\/de\/glossar\/","title":{"rendered":"Glossar"},"content":{"rendered":"\t\t<div data-elementor-type=\"wp-page\" data-elementor-id=\"8586\" class=\"elementor elementor-8586 elementor-8538\" data-elementor-post-type=\"page\">\n\t\t\t\t<div class=\"elementor-element elementor-element-3f68d17 e-con-full e-flex e-con e-parent\" data-id=\"3f68d17\" data-element_type=\"container\" data-e-type=\"container\" data-settings=\"{&quot;background_background&quot;:&quot;classic&quot;}\">\n\t\t\t\t<div class=\"elementor-element elementor-element-47d6c77 elementor-widget__width-initial elementor-invisible elementor-widget elementor-widget-heading\" data-id=\"47d6c77\" data-element_type=\"widget\" data-e-type=\"widget\" data-settings=\"{&quot;_animation&quot;:&quot;fadeIn&quot;}\" data-widget_type=\"heading.default\">\n\t\t\t\t<div class=\"elementor-widget-container\">\n\t\t\t\t\t<h1 class=\"elementor-heading-title elementor-size-default\">Glossar<\/h1>\t\t\t\t<\/div>\n\t\t\t\t<\/div>\n\t\t\t\t<div class=\"elementor-element elementor-element-ba5b5ba elementor-widget__width-initial elementor-widget elementor-widget-text-editor\" data-id=\"ba5b5ba\" data-element_type=\"widget\" data-e-type=\"widget\" data-widget_type=\"text-editor.default\">\n\t\t\t\t<div class=\"elementor-widget-container\">\n\t\t\t\t\t\t\t\t\t<p>Klare Definitionen der Begriffe &#8220;Off-Market&#8221;, &#8220;Due Diligence&#8221; und &#8220;Transaktionsbegriffe&#8221; &#8211; damit Sie mit Zuversicht handeln k\u00f6nnen.<\/p>\t\t\t\t\t\t\t\t<\/div>\n\t\t\t\t<\/div>\n\t\t\t\t<\/div>\n\t\t<div class=\"elementor-element elementor-element-c372dd1 e-con-full e-flex e-con e-parent\" data-id=\"c372dd1\" data-element_type=\"container\" data-e-type=\"container\" data-settings=\"{&quot;background_background&quot;:&quot;classic&quot;}\">\n\t\t<div class=\"elementor-element elementor-element-753bbf4 e-con-full e-flex e-con e-child\" data-id=\"753bbf4\" data-element_type=\"container\" data-e-type=\"container\">\n\t\t<div class=\"elementor-element elementor-element-40f1a7b e-con-full e-flex e-con e-child\" data-id=\"40f1a7b\" data-element_type=\"container\" data-e-type=\"container\" data-settings=\"{&quot;background_background&quot;:&quot;gradient&quot;}\">\n\t\t\t\t<div class=\"elementor-element elementor-element-25145f6 elementor-widget__width-inherit elementor-invisible elementor-widget elementor-widget-heading\" data-id=\"25145f6\" data-element_type=\"widget\" data-e-type=\"widget\" data-settings=\"{&quot;_animation&quot;:&quot;fadeIn&quot;}\" data-widget_type=\"heading.default\">\n\t\t\t\t<div class=\"elementor-widget-container\">\n\t\t\t\t\t<h1 class=\"elementor-heading-title elementor-size-default\">APA - POF<\/h1>\t\t\t\t<\/div>\n\t\t\t\t<\/div>\n\t\t\t\t<div class=\"elementor-element elementor-element-ca374e7 elementor-widget__width-inherit elementor-widget elementor-widget-text-editor\" data-id=\"ca374e7\" data-element_type=\"widget\" data-e-type=\"widget\" data-widget_type=\"text-editor.default\">\n\t\t\t\t<div class=\"elementor-widget-container\">\n\t\t\t\t\t\t\t\t\t<ul><li data-start=\"9250\" data-end=\"9421\"><p data-start=\"9253\" data-end=\"9421\"><strong data-start=\"9253\" data-end=\"9293\">APA (Advance Provisioning Allowance)<\/strong> &#8211; Eine im Voraus finanzierte Zulage zur Deckung variabler Charterkosten (Treibstoff, Lebensmittel, Hafengeb\u00fchren), die vom Kapit\u00e4n verwaltet und verbucht wird.<\/p><\/li><li data-start=\"9422\" data-end=\"9583\"><p data-start=\"9425\" data-end=\"9583\"><strong data-start=\"9425\" data-end=\"9459\">AOC (Air Operator Certificate)<\/strong> &#8211; Bescheinigung, dass ein Luftverkehrsbetreiber die beh\u00f6rdlichen Anforderungen erf\u00fcllt, um kommerzielle Fl\u00fcge unter festgelegten Standards durchzuf\u00fchren.<\/p><\/li><li data-start=\"9584\" data-end=\"9705\"><p data-start=\"9587\" data-end=\"9705\"><strong data-start=\"9587\" data-end=\"9613\">Beneficial Owner (UBO)<\/strong> &#8211; Die nat\u00fcrliche Person, die letztlich Eigent\u00fcmer eines an einer Transaktion beteiligten Unternehmens ist oder dieses kontrolliert.<\/p><\/li><li data-start=\"9706\" data-end=\"9824\"><p data-start=\"9709\" data-end=\"9824\">Controlled Disclosure &#8211; Schrittweise Weitergabe von Informationen an \u00fcberpr\u00fcfte Parteien zum Schutz der Privatsph\u00e4re und zur Verringerung des Gesch\u00e4ftsrisikos.<\/p><\/li><li data-start=\"9825\" data-end=\"9948\"><p data-start=\"9828\" data-end=\"9948\"><strong data-start=\"9828\" data-end=\"9841\">Datenraum<\/strong> &#8211; Ein geregelter Dokumentenspeicher mit gestaffeltem Zugriff, Berechtigungen und Versionskontrolle f\u00fcr Due Diligence.<\/p><\/li><li data-start=\"9949\" data-end=\"10069\"><p data-start=\"9952\" data-end=\"10069\"><strong data-start=\"9952\" data-end=\"9969\">Due Diligence<\/strong> &#8211; Strukturierte Pr\u00fcfung rechtlicher, technischer, finanzieller und operativer Aspekte vor dem Abschluss.<\/p><\/li><li data-start=\"10070\" data-end=\"10169\"><p data-start=\"10073\" data-end=\"10169\"><strong data-start=\"10073\" data-end=\"10083\">Escrow<\/strong> &#8211; Treuh\u00e4nderische Abwicklung, bei der Gelder\/Dokumente bis zur Erf\u00fcllung von Bedingungen hinterlegt werden.<\/p><\/li><li data-start=\"10170\" data-end=\"10289\"><p data-start=\"10173\" data-end=\"10289\"><strong data-start=\"10173\" data-end=\"10194\">Excklusive Mandat<\/strong> &#8211; Mandat, bei dem ein Berater\/Makler den Prozess unter definierten Bedingungen leitet.<\/p><\/li><li data-start=\"10290\" data-end=\"10413\"><p data-start=\"10293\" data-end=\"10413\"><strong data-start=\"10293\" data-end=\"10322\">FBO (Fixed-Base Operator)<\/strong> &#8211; Privater Luftfahrtdienstleister f\u00fcr Abfertigung, Lounges, Betankung und Bodendienste.<\/p><\/li><li data-start=\"10414\" data-end=\"10523\"><p data-start=\"10418\" data-end=\"10523\"><strong data-start=\"10418\" data-end=\"10446\">KYC (Know Your Customer)<\/strong> &#8211; Identit\u00e4ts- und Legitimit\u00e4tspr\u00fcfung, um sicherzustellen, dass die Gegenparteien gesetzeskonform sind.<\/p><\/li><li data-start=\"10524\" data-end=\"10635\"><p data-start=\"10528\" data-end=\"10635\"><strong data-start=\"10528\" data-end=\"10554\">LOI (Letter of Intent)<\/strong> &#8211; Ein vorl\u00e4ufiges Dokument, das die wichtigsten Bedingungen f\u00fcr ein Gesch\u00e4ft festlegt, bevor endg\u00fcltige Vertr\u00e4ge geschlossen werden.<\/p><\/li><li data-start=\"10636\" data-end=\"10753\"><p data-start=\"10640\" data-end=\"10753\"><strong data-start=\"10640\" data-end=\"10674\">NDA (Non-Disclosure Agreement)<\/strong> &#8211; Vertrag zur Regelung der Vertraulichkeit, bevor sensible Informationen weitergegeben werden.<\/p><\/li><li data-start=\"10754\" data-end=\"10876\"><p data-start=\"10758\" data-end=\"10876\"><strong data-start=\"10758\" data-end=\"10772\">Off-Market<\/strong> &#8211; Kuratierter Zugang zu Opportunit\u00e4ten, die nicht \u00f6ffentlich ausgeschrieben sind, die selektiv mit qualifizierten Parteien geteilt werden.<\/p><\/li><li data-start=\"10877\" data-end=\"10991\"><p data-start=\"10881\" data-end=\"10991\"><strong data-start=\"10881\" data-end=\"10901\">Operator Vetting<\/strong> &#8211; \u00dcberpr\u00fcfung der Einhaltung von Sicherheits- und Betriebsstandards durch einen Luftfahrtbetreiber.<\/p><\/li><li data-start=\"10992\" data-end=\"11094\"><p data-start=\"10996\" data-end=\"11094\"><strong data-start=\"10996\" data-end=\"11020\">POF (Proof of Funds)<\/strong> &#8211; Nachweis der finanziellen Leistungsf\u00e4higkeit in \u00dcbereinstimmung mit dem Umfang der Transaktion.<\/p><\/li><\/ul><p> <\/p>\t\t\t\t\t\t\t\t<\/div>\n\t\t\t\t<\/div>\n\t\t\t\t<\/div>\n\t\t\t\t<\/div>\n\t\t<div class=\"elementor-element elementor-element-6c63388 e-con-full e-flex e-con e-child\" data-id=\"6c63388\" data-element_type=\"container\" data-e-type=\"container\" data-settings=\"{&quot;background_background&quot;:&quot;gradient&quot;}\">\n\t\t\t\t<div class=\"elementor-element elementor-element-b1aac8a elementor-widget__width-inherit elementor-invisible elementor-widget elementor-widget-heading\" data-id=\"b1aac8a\" data-element_type=\"widget\" data-e-type=\"widget\" data-settings=\"{&quot;_animation&quot;:&quot;fadeIn&quot;}\" data-widget_type=\"heading.default\">\n\t\t\t\t<div class=\"elementor-widget-container\">\n\t\t\t\t\t<h2 class=\"elementor-heading-title elementor-size-default\">Pre-Qualification - Staged Access<\/h2>\t\t\t\t<\/div>\n\t\t\t\t<\/div>\n\t\t\t\t<div class=\"elementor-element elementor-element-9c07717 elementor-widget__width-inherit elementor-widget elementor-widget-text-editor\" data-id=\"9c07717\" data-element_type=\"widget\" data-e-type=\"widget\" data-widget_type=\"text-editor.default\">\n\t\t\t\t<div class=\"elementor-widget-container\">\n\t\t\t\t\t\t\t\t\t<ul><li data-start=\"11095\" data-end=\"11206\"><p data-start=\"11099\" data-end=\"11206\"><strong data-start=\"11099\" data-end=\"11120\">Vorqualifizierung<\/strong> &#8211; Erstes Screening der Gegenparteien vor der Gew\u00e4hrung von Zugang oder der Vereinbarung von Besichtigungen.<\/p><\/li><li data-start=\"11207\" data-end=\"11304\"><p data-start=\"11211\" data-end=\"11304\"><strong data-start=\"11211\" data-end=\"11220\">Refit<\/strong> &#8211; Gr\u00f6ssere Modernisierung oder Renovierung einer Yacht, die sich oft auf den Wert und den Zeitplan auswirkt.<\/p><\/li><li data-start=\"11305\" data-end=\"11417\"><p data-start=\"11309\" data-end=\"11417\">Search Mandate- K\u00e4ufervertretung zur diskreten Suche, Verhandlung und Strukturierung von Opportunit\u00e4ten, oft im Off-Market Bereich-<\/p><\/li><li data-start=\"11418\" data-end=\"11509\"><p data-start=\"11422\" data-end=\"11509\"><strong data-start=\"11422\" data-end=\"11435\">Sea Trial<\/strong> &#8211; Betriebstest einer Yacht auf See zur Beurteilung der Leistung und der Systeme.<\/p><\/li><li data-start=\"11510\" data-end=\"11627\"><p data-start=\"11514\" data-end=\"11627\"><strong data-start=\"11514\" data-end=\"11538\">Verk\u00e4uferqualifizierung<\/strong> &#8211; \u00dcberpr\u00fcfung der Verkaufsberechtigung, der Eigent\u00fcmerstruktur und der Dokumentenbereitschaft.<\/p><\/li><li data-start=\"11628\" data-end=\"11706\"><p data-start=\"11632\" data-end=\"11706\"><strong data-start=\"11632\" data-end=\"11647\">Success Fee<\/strong> &#8211; Ergebnisabh\u00e4ngige Geb\u00fchr, die bei Abschluss einer Transaktion gezahlt wird.<\/p><\/li><li data-start=\"11707\" data-end=\"11813\"><p data-start=\"11711\" data-end=\"11813\"><strong data-start=\"11711\" data-end=\"11736\">Survey (Yacht Survey)<\/strong> &#8211; Unabh\u00e4ngige technische Inspektion zur Feststellung von Zustand und M\u00e4ngeln.<\/p><\/li><li data-start=\"11814\" data-end=\"11913\"><p data-start=\"11818\" data-end=\"11913\"><strong data-start=\"11818\" data-end=\"11828\">Teaser<\/strong> &#8211; Nicht-identifizierende Kurzbeschreibung zur Interessenpr\u00fcfung bei maximaler Diskretion.<\/p><\/li><li data-start=\"11914\" data-end=\"12013\"><p data-start=\"11918\" data-end=\"12013\"><strong data-start=\"11918\" data-end=\"11932\">Term Sheet<\/strong> &#8211; Eckpunktpapier, welches verwendet wird, um die Parteien vor detaillierten Vertr\u00e4gen abzustimmen.<\/p><\/li><li data-start=\"12014\" data-end=\"12123\"><p data-start=\"12018\" data-end=\"12123\">Title \/ Registration &#8211; Rechtlicher Nachweis des Eigentums und des Registrierungsstatus (Yacht\/Flugzeug\/Eigentum).<\/p><\/li><li data-start=\"12124\" data-end=\"12217\"><p data-start=\"12128\" data-end=\"12217\">UBO Declaration &#8211; Dokument zur Best\u00e4tigung des wirtschaftlichen Eigentums f\u00fcr Compliance-Zwecke.<\/p><\/li><li data-start=\"12218\" data-end=\"12334\"><p data-start=\"12222\" data-end=\"12334\">Viewing Protocol &#8211; Regeln, die festlegen, wer teilnimmt, was aufgezeichnet werden darf und wie die Vertraulichkeit w\u00e4hrend der Besichtigung gew\u00e4hrleistet wird.<\/p><\/li><li data-start=\"12335\" data-end=\"12449\"><p data-start=\"12339\" data-end=\"12449\"><strong data-start=\"12339\" data-end=\"12351\">Retainer<\/strong> &#8211; Vorauszahlung f\u00fcr die strukturierte Vorarbeit (Sourcing, Outreach, Governance) bei Off-Market-Mandaten.<\/p><\/li><li data-start=\"12450\" data-end=\"12576\"><p data-start=\"12454\" data-end=\"12576\"><strong data-start=\"12454\" data-end=\"12491\">SPA (Sale and Purchase Agreement)<\/strong> &#8211; Definitiver Kaufvertrag mit Bedingungen, Konditionen und Abschlussmechanismen.<\/p><\/li><li data-start=\"12577\" data-end=\"12687\"><p data-start=\"12581\" data-end=\"12687\">Staged Access &#8211; Gestufte Dokumentenweitergabe (Teaser \u2192 Dossier \u2192 Datenraum) abgestimmt auf den jeweiligen Qualifizierungs- und Bereitschaftsgrad.<\/p><\/li><\/ul>\t\t\t\t\t\t\t\t<\/div>\n\t\t\t\t<\/div>\n\t\t\t\t<\/div>\n\t\t\t\t<\/div>\n\t\t<div class=\"elementor-element elementor-element-d34e522 e-flex e-con-boxed e-con e-parent\" data-id=\"d34e522\" data-element_type=\"container\" data-e-type=\"container\" data-settings=\"{&quot;background_background&quot;:&quot;classic&quot;}\">\n\t\t\t\t\t<div class=\"e-con-inner\">\n\t\t<div class=\"elementor-element elementor-element-7c1ed8f e-con-full e-flex e-con e-child\" data-id=\"7c1ed8f\" data-element_type=\"container\" data-e-type=\"container\" data-settings=\"{&quot;background_background&quot;:&quot;classic&quot;,&quot;motion_fx_motion_fx_scrolling&quot;:&quot;yes&quot;,&quot;motion_fx_opacity_effect&quot;:&quot;yes&quot;,&quot;motion_fx_opacity_direction&quot;:&quot;in-out&quot;,&quot;motion_fx_opacity_range&quot;:{&quot;unit&quot;:&quot;%&quot;,&quot;size&quot;:&quot;&quot;,&quot;sizes&quot;:{&quot;start&quot;:60,&quot;end&quot;:95}},&quot;motion_fx_opacity_level&quot;:{&quot;unit&quot;:&quot;px&quot;,&quot;size&quot;:10,&quot;sizes&quot;:[]},&quot;motion_fx_devices&quot;:[&quot;desktop&quot;,&quot;laptop&quot;,&quot;tablet_extra&quot;,&quot;tablet&quot;,&quot;mobile_extra&quot;,&quot;mobile&quot;]}\">\n\t\t\t\t<div class=\"elementor-element elementor-element-99a1313 elementor-widget__width-inherit elementor-invisible elementor-widget elementor-widget-heading\" data-id=\"99a1313\" data-element_type=\"widget\" data-e-type=\"widget\" data-settings=\"{&quot;_animation&quot;:&quot;fadeIn&quot;}\" data-widget_type=\"heading.default\">\n\t\t\t\t<div class=\"elementor-widget-container\">\n\t\t\t\t\t<h2 class=\"elementor-heading-title elementor-size-default\">Zugang zu Off-Market-Gelegenheiten anfordern<\/h2>\t\t\t\t<\/div>\n\t\t\t\t<\/div>\n\t\t\t\t<div class=\"elementor-element elementor-element-66ce178 elementor-widget elementor-widget-text-editor\" data-id=\"66ce178\" data-element_type=\"widget\" data-e-type=\"widget\" data-widget_type=\"text-editor.default\">\n\t\t\t\t<div class=\"elementor-widget-container\">\n\t\t\t\t\t\t\t\t\t<p data-start=\"3782\" data-end=\"4117\">Wenn Sie eine Off-Market Akquisition oder einen diskreten Verkauf evaluieren, kann Luxcenture den Prozess strukturieren &#8211; NDA-first, kontrollierte Offenlegung und eine kuratierte Auswahlliste, die auf Ihre Vorgaben abgestimmt ist.<\/p>\t\t\t\t\t\t\t\t<\/div>\n\t\t\t\t<\/div>\n\t\t\t\t<div class=\"elementor-element elementor-element-5e6809d elementor-widget elementor-widget-button\" data-id=\"5e6809d\" data-element_type=\"widget\" data-e-type=\"widget\" data-widget_type=\"button.default\">\n\t\t\t\t<div class=\"elementor-widget-container\">\n\t\t\t\t\t\t\t\t\t<div class=\"elementor-button-wrapper\">\n\t\t\t\t\t<a class=\"elementor-button elementor-button-link elementor-size-sm elementor-animation-float\" href=\"https:\/\/luxcenture.com\/de\/kontakt\/\">\n\t\t\t\t\t\t<span class=\"elementor-button-content-wrapper\">\n\t\t\t\t\t\t\t\t\t<span class=\"elementor-button-text\">Kontaktieren Sie Luxcenture \ufe0e<\/span>\n\t\t\t\t\t<\/span>\n\t\t\t\t\t<\/a>\n\t\t\t\t<\/div>\n\t\t\t\t\t\t\t\t<\/div>\n\t\t\t\t<\/div>\n\t\t\t\t<div class=\"elementor-element elementor-element-d381c50 elementor-widget__width-inherit elementor-invisible elementor-widget elementor-widget-heading\" data-id=\"d381c50\" data-element_type=\"widget\" data-e-type=\"widget\" data-settings=\"{&quot;_animation&quot;:&quot;fadeIn&quot;}\" data-widget_type=\"heading.default\">\n\t\t\t\t<div class=\"elementor-widget-container\">\n\t\t\t\t\t<h2 class=\"elementor-heading-title elementor-size-default\">Sie brauchen Klarheit \u00fcber einen Begriff in Ihrem Vertrag?<\/h2>\t\t\t\t<\/div>\n\t\t\t\t<\/div>\n\t\t\t\t<div class=\"elementor-element elementor-element-993363c elementor-widget elementor-widget-text-editor\" data-id=\"993363c\" data-element_type=\"widget\" data-e-type=\"widget\" data-widget_type=\"text-editor.default\">\n\t\t\t\t<div class=\"elementor-widget-container\">\n\t\t\t\t\t\t\t\t\t<p style=\"text-align: left;\" data-start=\"3782\" data-end=\"4117\">Schicken Sie uns den Begriff, die Klausel oder den Verweis auf das Dokument, und wir erkl\u00e4ren es Ihnen in einfacher Sprache &#8211; in einem diskreten, von der schweiterisch gef\u00fchrten Prozess.<\/p>\t\t\t\t\t\t\t\t<\/div>\n\t\t\t\t<\/div>\n\t\t\t\t<div class=\"elementor-element elementor-element-a602e88 elementor-widget elementor-widget-button\" data-id=\"a602e88\" data-element_type=\"widget\" data-e-type=\"widget\" data-widget_type=\"button.default\">\n\t\t\t\t<div class=\"elementor-widget-container\">\n\t\t\t\t\t\t\t\t\t<div class=\"elementor-button-wrapper\">\n\t\t\t\t\t<a class=\"elementor-button elementor-button-link elementor-size-sm elementor-animation-float\" href=\"https:\/\/luxcenture.com\/de\/kontakt\/\">\n\t\t\t\t\t\t<span class=\"elementor-button-content-wrapper\">\n\t\t\t\t\t\t\t\t\t<span class=\"elementor-button-text\">Stellen Sie eine Frage<\/span>\n\t\t\t\t\t<\/span>\n\t\t\t\t\t<\/a>\n\t\t\t\t<\/div>\n\t\t\t\t\t\t\t\t<\/div>\n\t\t\t\t<\/div>\n\t\t\t\t<div class=\"elementor-element elementor-element-de4db28 elementor-widget elementor-widget-button\" data-id=\"de4db28\" data-element_type=\"widget\" data-e-type=\"widget\" data-widget_type=\"button.default\">\n\t\t\t\t<div class=\"elementor-widget-container\">\n\t\t\t\t\t\t\t\t\t<div class=\"elementor-button-wrapper\">\n\t\t\t\t\t<a class=\"elementor-button elementor-button-link elementor-size-sm elementor-animation-float\" href=\"https:\/\/luxcenture.com\/de\/wie-off-market-funktioniert\/\">\n\t\t\t\t\t\t<span class=\"elementor-button-content-wrapper\">\n\t\t\t\t\t\t\t\t\t<span class=\"elementor-button-text\">Wie Off-Market funktioniert \ufe0e<\/span>\n\t\t\t\t\t<\/span>\n\t\t\t\t\t<\/a>\n\t\t\t\t<\/div>\n\t\t\t\t\t\t\t\t<\/div>\n\t\t\t\t<\/div>\n\t\t\t\t<div class=\"elementor-element elementor-element-d86fadc elementor-widget elementor-widget-button\" data-id=\"d86fadc\" data-element_type=\"widget\" data-e-type=\"widget\" data-widget_type=\"button.default\">\n\t\t\t\t<div class=\"elementor-widget-container\">\n\t\t\t\t\t\t\t\t\t<div class=\"elementor-button-wrapper\">\n\t\t\t\t\t<a class=\"elementor-button elementor-button-link elementor-size-sm elementor-animation-float\" href=\"https:\/\/luxcenture.com\/de\/off-market-kaeuferprozess\/\">\n\t\t\t\t\t\t<span class=\"elementor-button-content-wrapper\">\n\t\t\t\t\t\t\t\t\t<span class=\"elementor-button-text\">OFF-MARKET-K\u00e4uferprozess \ufe0e<\/span>\n\t\t\t\t\t<\/span>\n\t\t\t\t\t<\/a>\n\t\t\t\t<\/div>\n\t\t\t\t\t\t\t\t<\/div>\n\t\t\t\t<\/div>\n\t\t\t\t<div class=\"elementor-element elementor-element-fff074e elementor-widget elementor-widget-button\" data-id=\"fff074e\" data-element_type=\"widget\" data-e-type=\"widget\" data-widget_type=\"button.default\">\n\t\t\t\t<div class=\"elementor-widget-container\">\n\t\t\t\t\t\t\t\t\t<div class=\"elementor-button-wrapper\">\n\t\t\t\t\t<a class=\"elementor-button elementor-button-link elementor-size-sm elementor-animation-float\" href=\"https:\/\/luxcenture.com\/de\/off-market-verkaeuferprozess\/\">\n\t\t\t\t\t\t<span class=\"elementor-button-content-wrapper\">\n\t\t\t\t\t\t\t\t\t<span class=\"elementor-button-text\">OFF-MARKET Verk\u00e4uferprozess \ufe0e<\/span>\n\t\t\t\t\t<\/span>\n\t\t\t\t\t<\/a>\n\t\t\t\t<\/div>\n\t\t\t\t\t\t\t\t<\/div>\n\t\t\t\t<\/div>\n\t\t\t\t<div class=\"elementor-element elementor-element-54f98ef elementor-widget elementor-widget-button\" data-id=\"54f98ef\" data-element_type=\"widget\" data-e-type=\"widget\" data-widget_type=\"button.default\">\n\t\t\t\t<div class=\"elementor-widget-container\">\n\t\t\t\t\t\t\t\t\t<div class=\"elementor-button-wrapper\">\n\t\t\t\t\t<a class=\"elementor-button elementor-button-link elementor-size-sm elementor-animation-float\" href=\"https:\/\/luxcenture.com\/de\/off-market-compliance-und-kontrollierte-offenlegung\/\">\n\t\t\t\t\t\t<span class=\"elementor-button-content-wrapper\">\n\t\t\t\t\t\t\t\t\t<span class=\"elementor-button-text\">Compliance &amp; kontrollierte Offenlegung \u2197\ufe0e<\/span>\n\t\t\t\t\t<\/span>\n\t\t\t\t\t<\/a>\n\t\t\t\t<\/div>\n\t\t\t\t\t\t\t\t<\/div>\n\t\t\t\t<\/div>\n\t\t\t\t<div class=\"elementor-element elementor-element-df73f79 elementor-widget elementor-widget-button\" data-id=\"df73f79\" data-element_type=\"widget\" data-e-type=\"widget\" data-widget_type=\"button.default\">\n\t\t\t\t<div class=\"elementor-widget-container\">\n\t\t\t\t\t\t\t\t\t<div class=\"elementor-button-wrapper\">\n\t\t\t\t\t<a class=\"elementor-button elementor-button-link elementor-size-sm elementor-animation-float\" href=\"https:\/\/luxcenture.com\/de\/off-market-gebuehren-logik-nicht-prozentsaetze\/\">\n\t\t\t\t\t\t<span class=\"elementor-button-content-wrapper\">\n\t\t\t\t\t\t\t\t\t<span class=\"elementor-button-text\">Off-Market Geb\u00fchren (Logik, nicht Prozents\u00e4tze) \u2197\ufe0e<\/span>\n\t\t\t\t\t<\/span>\n\t\t\t\t\t<\/a>\n\t\t\t\t<\/div>\n\t\t\t\t\t\t\t\t<\/div>\n\t\t\t\t<\/div>\n\t\t\t\t<div class=\"elementor-element elementor-element-5509d69 elementor-widget__width-inherit elementor-invisible elementor-widget elementor-widget-heading\" data-id=\"5509d69\" data-element_type=\"widget\" data-e-type=\"widget\" data-settings=\"{&quot;_animation&quot;:&quot;fadeIn&quot;}\" data-widget_type=\"heading.default\">\n\t\t\t\t<div class=\"elementor-widget-container\">\n\t\t\t\t\t<h2 class=\"elementor-heading-title elementor-size-default\">Weiter zu den Prozessseiten<\/h2>\t\t\t\t<\/div>\n\t\t\t\t<\/div>\n\t\t\t\t<\/div>\n\t\t\t\t\t<\/div>\n\t\t\t\t<\/div>\n\t\t\t\t<\/div>\n\t\t","protected":false},"excerpt":{"rendered":"<p>Glossar Klare Definitionen der Begriffe &#8220;Off-Market&#8221;, &#8220;Due Diligence&#8221; und &#8220;Transaktionsbegriffe&#8221; &#8211; damit Sie mit Zuversicht handeln k\u00f6nnen. APA &#8211; POF APA (Advance Provisioning Allowance) &#8211; Eine im Voraus finanzierte Zulage zur Deckung variabler Charterkosten (Treibstoff, Lebensmittel, Hafengeb\u00fchren), die vom Kapit\u00e4n verwaltet und verbucht wird. AOC (Air Operator Certificate) &#8211; Bescheinigung, dass ein Luftverkehrsbetreiber die beh\u00f6rdlichen [&hellip;]<\/p>\n","protected":false},"author":3,"featured_media":0,"parent":0,"menu_order":0,"comment_status":"closed","ping_status":"closed","template":"","meta":{"_acf_changed":false,"footnotes":""},"asset_category":[],"class_list":["post-8586","page","type-page","status-publish","hentry"],"acf":[],"_links":{"self":[{"href":"https:\/\/luxcenture.com\/de\/wp-json\/wp\/v2\/pages\/8586","targetHints":{"allow":["GET"]}}],"collection":[{"href":"https:\/\/luxcenture.com\/de\/wp-json\/wp\/v2\/pages"}],"about":[{"href":"https:\/\/luxcenture.com\/de\/wp-json\/wp\/v2\/types\/page"}],"author":[{"embeddable":true,"href":"https:\/\/luxcenture.com\/de\/wp-json\/wp\/v2\/users\/3"}],"replies":[{"embeddable":true,"href":"https:\/\/luxcenture.com\/de\/wp-json\/wp\/v2\/comments?post=8586"}],"version-history":[{"count":3,"href":"https:\/\/luxcenture.com\/de\/wp-json\/wp\/v2\/pages\/8586\/revisions"}],"predecessor-version":[{"id":8743,"href":"https:\/\/luxcenture.com\/de\/wp-json\/wp\/v2\/pages\/8586\/revisions\/8743"}],"wp:attachment":[{"href":"https:\/\/luxcenture.com\/de\/wp-json\/wp\/v2\/media?parent=8586"}],"wp:term":[{"taxonomy":"asset_category","embeddable":true,"href":"https:\/\/luxcenture.com\/de\/wp-json\/wp\/v2\/asset_category?post=8586"}],"curies":[{"name":"wp","href":"https:\/\/api.w.org\/{rel}","templated":true}]}}