{"id":8851,"date":"2026-01-19T10:11:17","date_gmt":"2026-01-19T09:11:17","guid":{"rendered":"https:\/\/luxcenture.com\/team-treffen-sie-die-visionaere\/"},"modified":"2026-04-08T08:53:11","modified_gmt":"2026-04-08T06:53:11","slug":"team-treffen-sie-die-visionaere","status":"publish","type":"page","link":"https:\/\/luxcenture.com\/de\/team-treffen-sie-die-visionaere\/","title":{"rendered":"Team &#8211; Treffen Sie die Vision\u00e4re"},"content":{"rendered":"\t\t<div data-elementor-type=\"wp-page\" data-elementor-id=\"8851\" class=\"elementor elementor-8851 elementor-8802\" data-elementor-post-type=\"page\">\n\t\t\t\t<div class=\"elementor-element elementor-element-c2ebb4a e-con-full e-flex e-con e-parent\" data-id=\"c2ebb4a\" data-element_type=\"container\" data-e-type=\"container\" data-settings=\"{&quot;background_background&quot;:&quot;slideshow&quot;,&quot;background_slideshow_ken_burns&quot;:&quot;yes&quot;,&quot;background_slideshow_ken_burns_zoom_direction&quot;:&quot;out&quot;,&quot;background_slideshow_transition_duration&quot;:2000,&quot;background_slideshow_gallery&quot;:[{&quot;id&quot;:4623,&quot;url&quot;:&quot;https:\\\/\\\/luxcenture.com\\\/wp-content\\\/uploads\\\/2025\\\/04\\\/house-8372418_1920.webp&quot;},{&quot;id&quot;:8860,&quot;url&quot;:&quot;https:\\\/\\\/luxcenture.com\\\/wp-content\\\/uploads\\\/2026\\\/01\\\/vecteezy_ai-generated-background-white-airplane-backgtound_35492818-scaled.webp&quot;},{&quot;id&quot;:5924,&quot;url&quot;:&quot;https:\\\/\\\/luxcenture.com\\\/wp-content\\\/uploads\\\/2025\\\/10\\\/16780.28.jpg.avif&quot;}],&quot;background_slideshow_loop&quot;:&quot;yes&quot;,&quot;background_slideshow_slide_duration&quot;:5000,&quot;background_slideshow_slide_transition&quot;:&quot;fade&quot;}\">\n\t\t\t\t<div class=\"elementor-element elementor-element-0fb8ef8 elementor-widget__width-initial elementor-invisible elementor-widget elementor-widget-heading\" data-id=\"0fb8ef8\" data-element_type=\"widget\" data-e-type=\"widget\" data-settings=\"{&quot;_animation&quot;:&quot;fadeIn&quot;}\" data-widget_type=\"heading.default\">\n\t\t\t\t<div class=\"elementor-widget-container\">\n\t\t\t\t\t<h1 class=\"elementor-heading-title elementor-size-default\">Team - Treffen Sie die Vision\u00e4re<\/h1>\t\t\t\t<\/div>\n\t\t\t\t<\/div>\n\t\t\t\t<div class=\"elementor-element elementor-element-fa5bbda elementor-widget__width-initial elementor-widget elementor-widget-text-editor\" data-id=\"fa5bbda\" data-element_type=\"widget\" data-e-type=\"widget\" data-widget_type=\"text-editor.default\">\n\t\t\t\t<div class=\"elementor-widget-container\">\n\t\t\t\t\t\t\t\t\t<p>Die Menschen, die hinter dem von der Schweiz geleiteten Prozess von Luxcenture stehen &#8211; vertrauensw\u00fcrdig, diskret und umsetzungsorientiert.<\/p>\t\t\t\t\t\t\t\t<\/div>\n\t\t\t\t<\/div>\n\t\t\t\t<\/div>\n\t\t<div class=\"elementor-element elementor-element-8df99a7 e-con-full e-flex e-con e-parent\" data-id=\"8df99a7\" data-element_type=\"container\" data-e-type=\"container\">\n\t\t<div class=\"elementor-element elementor-element-5a8591a e-con-full e-flex e-con e-child\" data-id=\"5a8591a\" data-element_type=\"container\" data-e-type=\"container\">\n\t\t\t\t<div class=\"elementor-element elementor-element-17078ee elementor-widget__width-initial elementor-widget-tablet_extra__width-initial elementor-widget-tablet__width-initial elementor-widget-mobile_extra__width-initial elementor-widget-laptop__width-initial elementor-invisible elementor-widget elementor-widget-heading\" data-id=\"17078ee\" data-element_type=\"widget\" data-e-type=\"widget\" data-settings=\"{&quot;_animation&quot;:&quot;fadeIn&quot;}\" data-widget_type=\"heading.default\">\n\t\t\t\t<div class=\"elementor-widget-container\">\n\t\t\t\t\t<h2 class=\"elementor-heading-title elementor-size-default\">Treffen Sie die <strong>Vision\u00e4re<\/strong><\/h2>\t\t\t\t<\/div>\n\t\t\t\t<\/div>\n\t\t\t\t<div class=\"elementor-element elementor-element-07e624e elementor-widget__width-initial elementor-widget-tablet_extra__width-initial elementor-widget-tablet__width-initial elementor-widget-mobile_extra__width-initial elementor-widget-mobile__width-inherit elementor-widget elementor-widget-text-editor\" data-id=\"07e624e\" data-element_type=\"widget\" data-e-type=\"widget\" data-widget_type=\"text-editor.default\">\n\t\t\t\t<div class=\"elementor-widget-container\">\n\t\t\t\t\t\t\t\t\t<p>Unsere Gr\u00fcnder, <strong>Marc R\u00e9my Halter<\/strong> und <strong>Markus Weber<\/strong>, bringen jahrzehntelange Erfahrung und ein Engagement f\u00fcr Spitzenleistungen mit. Sie sind die treibende Kraft hinter Luxcentures pers\u00f6nlichem Ansatz bei der <strong>Verwaltung von Luxusimmobilien<\/strong> und stellen sicher, dass jeder Kunde das <strong>h\u00f6chste Mass an Service<\/strong> und Aufmerksamkeit erh\u00e4lt. <\/p>\t\t\t\t\t\t\t\t<\/div>\n\t\t\t\t<\/div>\n\t\t\t\t<\/div>\n\t\t<div class=\"elementor-element elementor-element-7d14a3f e-con-full e-flex e-con e-child\" data-id=\"7d14a3f\" data-element_type=\"container\" data-e-type=\"container\" data-settings=\"{&quot;background_background&quot;:&quot;gradient&quot;}\">\n\t\t\t\t<div class=\"elementor-element elementor-element-0a30aed e-n-tabs-none elementor-widget elementor-widget-n-tabs\" data-id=\"0a30aed\" data-element_type=\"widget\" data-e-type=\"widget\" data-settings=\"{&quot;tabs_justify_horizontal&quot;:&quot;center&quot;,&quot;horizontal_scroll_mobile&quot;:&quot;disable&quot;,&quot;horizontal_scroll&quot;:&quot;disable&quot;}\" data-widget_type=\"nested-tabs.default\">\n\t\t\t\t<div class=\"elementor-widget-container\">\n\t\t\t\t\t\t\t<div class=\"e-n-tabs\" data-widget-number=\"10685165\" aria-label=\"Tabs. Open items with Enter or Space, close with Escape and navigate using the Arrow keys.\">\n\t\t\t<div class=\"e-n-tabs-heading\" role=\"tablist\">\n\t\t\t\t\t<button id=\"e-n-tab-title-106851651\" data-tab-title-id=\"e-n-tab-title-106851651\" class=\"e-n-tab-title elementor-animation-float\" aria-selected=\"true\" data-tab-index=\"1\" role=\"tab\" tabindex=\"0\" aria-controls=\"e-n-tab-content-106851651\" style=\"--n-tabs-title-order: 1;\">\n\t\t\t\t\t\t<span class=\"e-n-tab-title-text\">\n\t\t\t\tTeam \ufe0e\t\t\t<\/span>\n\t\t<\/button>\n\t\t\t\t<button id=\"e-n-tab-title-106851652\" data-tab-title-id=\"e-n-tab-title-106851652\" class=\"e-n-tab-title elementor-animation-float\" aria-selected=\"false\" data-tab-index=\"2\" role=\"tab\" tabindex=\"-1\" aria-controls=\"e-n-tab-content-106851652\" style=\"--n-tabs-title-order: 2;\">\n\t\t\t\t\t\t<span class=\"e-n-tab-title-text\">\n\t\t\t\tMarkus Weber \ufe0e\t\t\t<\/span>\n\t\t<\/button>\n\t\t\t\t<button id=\"e-n-tab-title-106851653\" data-tab-title-id=\"e-n-tab-title-106851653\" class=\"e-n-tab-title elementor-animation-float\" aria-selected=\"false\" data-tab-index=\"3\" role=\"tab\" tabindex=\"-1\" aria-controls=\"e-n-tab-content-106851653\" style=\"--n-tabs-title-order: 3;\">\n\t\t\t\t\t\t<span class=\"e-n-tab-title-text\">\n\t\t\t\tMarc R\u00e9my Halter \ufe0e\t\t\t<\/span>\n\t\t<\/button>\n\t\t\t\t\t<\/div>\n\t\t\t<div class=\"e-n-tabs-content\">\n\t\t\t\t<div id=\"e-n-tab-content-106851651\" role=\"tabpanel\" aria-labelledby=\"e-n-tab-title-106851651\" data-tab-index=\"1\" style=\"--n-tabs-title-order: 1;\" class=\"e-active elementor-element elementor-element-81f0ff3 e-con-full e-flex e-con e-child\" data-id=\"81f0ff3\" data-element_type=\"container\" data-e-type=\"container\">\n\t\t<div class=\"elementor-element elementor-element-113619b e-con-full e-flex e-con e-child\" data-id=\"113619b\" data-element_type=\"container\" data-e-type=\"container\">\n\t\t<div class=\"elementor-element elementor-element-d695eb4 e-con-full e-flex e-con e-child\" data-id=\"d695eb4\" data-element_type=\"container\" data-e-type=\"container\">\n\t\t<div class=\"elementor-element elementor-element-bab5e71 e-con-full e-flex e-con e-child\" data-id=\"bab5e71\" data-element_type=\"container\" data-e-type=\"container\">\n\t\t\t\t<div class=\"elementor-element elementor-element-c4f8ad3 elementor-widget__width-initial elementor-widget-tablet_extra__width-initial elementor-widget elementor-widget-text-editor\" data-id=\"c4f8ad3\" data-element_type=\"widget\" data-e-type=\"widget\" data-widget_type=\"text-editor.default\">\n\t\t\t\t<div class=\"elementor-widget-container\">\n\t\t\t\t\t\t\t\t\t<p><em>\u201eAls ehemaliger Banker sind Diskretion, Vertrauen und pers\u00f6nliche Beziehungen f\u00fcr mich von zentraler Bedeutung.\u201c<\/em><\/p>\t\t\t\t\t\t\t\t<\/div>\n\t\t\t\t<\/div>\n\t\t\t\t<div class=\"elementor-element elementor-element-7457668 elementor-widget__width-initial elementor-widget-tablet_extra__width-initial elementor-widget elementor-widget-text-editor\" data-id=\"7457668\" data-element_type=\"widget\" data-e-type=\"widget\" data-widget_type=\"text-editor.default\">\n\t\t\t\t<div class=\"elementor-widget-container\">\n\t\t\t\t\t\t\t\t\t<p><strong data-start=\"559\" data-end=\"575\">Markus Weber <br><\/strong>(Mitbegr\u00fcnder)<\/p><p data-start=\"554\" data-end=\"577\"><span style=\"text-decoration: underline;\"><em><a href=\"https:\/\/api.whatsapp.com\/send?phone=41794033674\" target=\"_blank\" rel=\"noopener\"><strong data-start=\"592\" data-end=\"601\">WhatsApp \ufe0e<\/strong><\/a><\/em><\/span><br data-start=\"619\" data-end=\"622\"><span style=\"text-decoration: underline;\"><em><a href=\"mailto:markus.weber@luxcenture.com\"><strong data-start=\"622\" data-end=\"631\">E-Mail \ufe0e<\/strong><\/a><\/em><\/span><\/p>\t\t\t\t\t\t\t\t<\/div>\n\t\t\t\t<\/div>\n\t\t\t\t<\/div>\n\t\t\t\t<div class=\"elementor-element elementor-element-47a7e2f elementor-widget elementor-widget-image\" data-id=\"47a7e2f\" data-element_type=\"widget\" data-e-type=\"widget\" data-widget_type=\"image.default\">\n\t\t\t\t<div class=\"elementor-widget-container\">\n\t\t\t\t\t\t\t\t\t\t\t\t\t\t\t<img loading=\"lazy\" decoding=\"async\" width=\"1500\" height=\"1823\" src=\"https:\/\/luxcenture.com\/wp-content\/uploads\/2025\/02\/Markus-Weber-e1740648951748.webp\" class=\"attachment-full size-full wp-image-4511\" alt=\"Markus Weber\" srcset=\"https:\/\/luxcenture.com\/wp-content\/uploads\/2025\/02\/Markus-Weber-e1740648951748.webp 1500w, https:\/\/luxcenture.com\/wp-content\/uploads\/2025\/02\/Markus-Weber-e1740648951748-247x300.webp 247w, https:\/\/luxcenture.com\/wp-content\/uploads\/2025\/02\/Markus-Weber-e1740648951748-843x1024.webp 843w, https:\/\/luxcenture.com\/wp-content\/uploads\/2025\/02\/Markus-Weber-e1740648951748-768x933.webp 768w, https:\/\/luxcenture.com\/wp-content\/uploads\/2025\/02\/Markus-Weber-e1740648951748-1264x1536.webp 1264w\" sizes=\"auto, (max-width: 1500px) 100vw, 1500px\" \/>\t\t\t\t\t\t\t\t\t\t\t\t\t\t\t<\/div>\n\t\t\t\t<\/div>\n\t\t\t\t<\/div>\n\t\t<div class=\"elementor-element elementor-element-0fb58cf e-con-full e-flex e-con e-child\" data-id=\"0fb58cf\" data-element_type=\"container\" data-e-type=\"container\">\n\t\t<div class=\"elementor-element elementor-element-4d4fc83 e-con-full e-flex e-con e-child\" data-id=\"4d4fc83\" data-element_type=\"container\" data-e-type=\"container\">\n\t\t\t\t<div class=\"elementor-element elementor-element-c761329 elementor-widget__width-initial elementor-widget-tablet_extra__width-initial elementor-widget elementor-widget-text-editor\" data-id=\"c761329\" data-element_type=\"widget\" data-e-type=\"widget\" data-widget_type=\"text-editor.default\">\n\t\t\t\t<div class=\"elementor-widget-container\">\n\t\t\t\t\t\t\t\t\t<p><em>\u201eAls global vernetzter Anwalt biete ich vertrauensvolle Beziehungen, die auf Integrit\u00e4t und Fachwissen basieren.\u201c<\/em><\/p>\t\t\t\t\t\t\t\t<\/div>\n\t\t\t\t<\/div>\n\t\t\t\t<div class=\"elementor-element elementor-element-5607b5b elementor-widget__width-initial elementor-widget-tablet_extra__width-initial elementor-widget elementor-widget-text-editor\" data-id=\"5607b5b\" data-element_type=\"widget\" data-e-type=\"widget\" data-widget_type=\"text-editor.default\">\n\t\t\t\t<div class=\"elementor-widget-container\">\n\t\t\t\t\t\t\t\t\t<p><strong data-start=\"443\" data-end=\"463\">Marc R\u00e9my Halter <br><\/strong>(Mitbegr\u00fcnder)<\/p>\n<p data-start=\"438\" data-end=\"465\"><a href=\"https:\/\/api.whatsapp.com\/send?phone=41765483599\" target=\"_blank\" rel=\"noopener\"><span style=\"text-decoration: underline;\"><em><strong data-start=\"480\" data-end=\"489\">WhatsApp \ufe0e<\/strong><\/em><\/span><\/a><br data-start=\"507\" data-end=\"510\"><span style=\"text-decoration: underline;\"><em><a href=\"mailto:marc.halter@luxcenture.com\"><strong data-start=\"510\" data-end=\"519\">E-Mail \ufe0e<\/strong><\/a><\/em><\/span><\/p>\t\t\t\t\t\t\t\t<\/div>\n\t\t\t\t<\/div>\n\t\t\t\t<\/div>\n\t\t\t\t<div class=\"elementor-element elementor-element-572f966 elementor-widget elementor-widget-image\" data-id=\"572f966\" data-element_type=\"widget\" data-e-type=\"widget\" data-widget_type=\"image.default\">\n\t\t\t\t<div class=\"elementor-widget-container\">\n\t\t\t\t\t\t\t\t\t\t\t\t\t\t\t<img loading=\"lazy\" decoding=\"async\" width=\"1353\" height=\"2000\" src=\"https:\/\/luxcenture.com\/wp-content\/uploads\/2025\/02\/Marc-Remy-Halter-e1740649657630.webp\" class=\"attachment-full size-full wp-image-4510\" alt=\"Marc Re\u0301my Halter\" srcset=\"https:\/\/luxcenture.com\/wp-content\/uploads\/2025\/02\/Marc-Remy-Halter-e1740649657630.webp 1353w, https:\/\/luxcenture.com\/wp-content\/uploads\/2025\/02\/Marc-Remy-Halter-e1740649657630-203x300.webp 203w, https:\/\/luxcenture.com\/wp-content\/uploads\/2025\/02\/Marc-Remy-Halter-e1740649657630-693x1024.webp 693w, https:\/\/luxcenture.com\/wp-content\/uploads\/2025\/02\/Marc-Remy-Halter-e1740649657630-768x1135.webp 768w, https:\/\/luxcenture.com\/wp-content\/uploads\/2025\/02\/Marc-Remy-Halter-e1740649657630-1039x1536.webp 1039w\" sizes=\"auto, (max-width: 1353px) 100vw, 1353px\" \/>\t\t\t\t\t\t\t\t\t\t\t\t\t\t\t<\/div>\n\t\t\t\t<\/div>\n\t\t\t\t<\/div>\n\t\t\t\t<\/div>\n\t\t\t\t<\/div>\n\t\t<div id=\"e-n-tab-content-106851652\" role=\"tabpanel\" aria-labelledby=\"e-n-tab-title-106851652\" data-tab-index=\"2\" style=\"--n-tabs-title-order: 2;\" class=\" elementor-element elementor-element-d9b49dc e-con-full e-flex e-con e-child\" data-id=\"d9b49dc\" data-element_type=\"container\" data-e-type=\"container\">\n\t\t<div class=\"elementor-element elementor-element-3a046d9 e-con-full e-flex e-con e-child\" data-id=\"3a046d9\" data-element_type=\"container\" data-e-type=\"container\">\n\t\t\t\t<div class=\"elementor-element elementor-element-03f9b7a elementor-widget elementor-widget-image\" data-id=\"03f9b7a\" data-element_type=\"widget\" data-e-type=\"widget\" data-widget_type=\"image.default\">\n\t\t\t\t<div class=\"elementor-widget-container\">\n\t\t\t\t\t\t\t\t\t\t\t\t\t\t\t<img loading=\"lazy\" decoding=\"async\" width=\"1500\" height=\"1823\" src=\"https:\/\/luxcenture.com\/wp-content\/uploads\/2025\/02\/Markus-Weber-e1740648951748.webp\" class=\"attachment-full size-full wp-image-4511\" alt=\"Markus Weber\" srcset=\"https:\/\/luxcenture.com\/wp-content\/uploads\/2025\/02\/Markus-Weber-e1740648951748.webp 1500w, https:\/\/luxcenture.com\/wp-content\/uploads\/2025\/02\/Markus-Weber-e1740648951748-247x300.webp 247w, https:\/\/luxcenture.com\/wp-content\/uploads\/2025\/02\/Markus-Weber-e1740648951748-843x1024.webp 843w, https:\/\/luxcenture.com\/wp-content\/uploads\/2025\/02\/Markus-Weber-e1740648951748-768x933.webp 768w, https:\/\/luxcenture.com\/wp-content\/uploads\/2025\/02\/Markus-Weber-e1740648951748-1264x1536.webp 1264w\" sizes=\"auto, (max-width: 1500px) 100vw, 1500px\" \/>\t\t\t\t\t\t\t\t\t\t\t\t\t\t\t<\/div>\n\t\t\t\t<\/div>\n\t\t\t\t<\/div>\n\t\t<div class=\"elementor-element elementor-element-031badd e-con-full e-flex e-con e-child\" data-id=\"031badd\" data-element_type=\"container\" data-e-type=\"container\">\n\t\t\t\t<div class=\"elementor-element elementor-element-306f4ca elementor-widget-tablet_extra__width-initial elementor-widget-tablet__width-initial elementor-widget-mobile_extra__width-initial elementor-widget-laptop__width-initial elementor-invisible elementor-widget elementor-widget-heading\" data-id=\"306f4ca\" data-element_type=\"widget\" data-e-type=\"widget\" data-settings=\"{&quot;_animation&quot;:&quot;fadeIn&quot;}\" data-widget_type=\"heading.default\">\n\t\t\t\t<div class=\"elementor-widget-container\">\n\t\t\t\t\t<h4 class=\"elementor-heading-title elementor-size-default\">Markus Weber<\/h4>\t\t\t\t<\/div>\n\t\t\t\t<\/div>\n\t\t\t\t<div class=\"elementor-element elementor-element-df99fd6 elementor-widget elementor-widget-heading\" data-id=\"df99fd6\" data-element_type=\"widget\" data-e-type=\"widget\" data-widget_type=\"heading.default\">\n\t\t\t\t<div class=\"elementor-widget-container\">\n\t\t\t\t\t<p class=\"elementor-heading-title elementor-size-default\">Mitbegr\u00fcnder<\/p>\t\t\t\t<\/div>\n\t\t\t\t<\/div>\n\t\t\t\t<div class=\"elementor-element elementor-element-95c9fbe elementor-widget elementor-widget-text-editor\" data-id=\"95c9fbe\" data-element_type=\"widget\" data-e-type=\"widget\" data-widget_type=\"text-editor.default\">\n\t\t\t\t<div class=\"elementor-widget-container\">\n\t\t\t\t\t\t\t\t\t<p class=\"p1\">Als Mitbegr\u00fcnder von Luxcenture habe ich mich auf die Vermittlung von Transaktionen f\u00fcr Luxusg\u00fcter spezialisiert und kann dabei auf meinen umfangreichen Hintergrund im Investmentbanking und in der Verm\u00f6gensverwaltung zur\u00fcckgreifen. Mit mehr als 20 Jahren Erfahrung bei UBS und in Family Offices habe ich ein feines Gesp\u00fcr daf\u00fcr entwickelt, vielversprechende Investitionsm\u00f6glichkeiten zu erkennen und starke Beziehungen zu Kunden und Partnern aufzubauen. Diese Grundlage war entscheidend f\u00fcr die Leitung zahlreicher erfolgreicher Seed- und Early-Stage-Equity-Runden in verschiedenen Sektoren. Jetzt konzentriere ich mich auf die Vermittlung von Verk\u00e4ufern und K\u00e4ufern von hochwertigen Immobilien, Privatjets und Yachten und biete gleichzeitig eine umfassende Palette von Immobilieninvestitionen an.   <\/p><p class=\"p1\">Aber ich bin mehr als nur mein beruflicher Lebenslauf. Ich bin Vater dreier erwachsener Kinder und glaube, dass Verl\u00e4sslichkeit und Vertrauen die Eckpfeiler jeder erfolgreichen Beziehung sind, ob privat oder beruflich. Diese \u00dcberzeugung leitet mich bei jedem Aspekt meiner Arbeit und stellt sicher, dass sich meine Kunden darauf verlassen k\u00f6nnen, dass ich in ihrem besten Interesse und mit v\u00f6lliger Transparenz handle.  <\/p><p class=\"p1\">Meine Leidenschaft f\u00fcr sch\u00f6ne Architektur, Design und Kunst ist nicht nur ein Hobby, sondern eine Linse, durch die ich die Luxusg\u00fcter betrachte und sch\u00e4tze. Diese Leidenschaft hat mich dazu veranlasst, mit meiner Frau in den italienischen Teil der Schweiz (Tessin) zu ziehen, wo ich voll und ganz in die reiche italienische Kultur eintauchen kann. <\/p><p class=\"p1\">Ich liebe es, in den atemberaubenden Bergen der Schweiz zu wandern und Ski zu fahren. Diese Aktivit\u00e4ten halten mich nicht nur fit, sondern erinnern mich auch daran, wie wichtig das Gleichgewicht und die Sch\u00f6nheit der Welt um uns herum sind. Diese Perspektive beeinflusst oft meine Empfehlungen f\u00fcr Immobilieninvestitionen, denn ich sch\u00e4tze Immobilien, die eine Verbindung zur Natur und ein Gef\u00fchl der Ruhe bieten.  <\/p>\t\t\t\t\t\t\t\t<\/div>\n\t\t\t\t<\/div>\n\t\t\t\t<div class=\"elementor-element elementor-element-eb511ee elementor-widget elementor-widget-text-editor\" data-id=\"eb511ee\" data-element_type=\"widget\" data-e-type=\"widget\" data-widget_type=\"text-editor.default\">\n\t\t\t\t<div class=\"elementor-widget-container\">\n\t\t\t\t\t\t\t\t\t<p><strong data-start=\"592\" data-end=\"601\">WhatsApp<\/strong>: <a href=\"https:\/\/api.whatsapp.com\/send?phone=41794033674\" target=\"_blank\" rel=\"noopener\">+41 79 403 36 74<\/a><br data-start=\"619\" data-end=\"622\"><strong data-start=\"622\" data-end=\"631\">E-Mail<\/strong>: <a href=\"mailto:markus.weber@luxcenture.com\" target=\"_blank\" rel=\"noopener\" data-start=\"633\" data-end=\"660\">markus.weber@luxcenture.com<\/a><\/p>\t\t\t\t\t\t\t\t<\/div>\n\t\t\t\t<\/div>\n\t\t\t\t<\/div>\n\t\t\t\t<\/div>\n\t\t<div id=\"e-n-tab-content-106851653\" role=\"tabpanel\" aria-labelledby=\"e-n-tab-title-106851653\" data-tab-index=\"3\" style=\"--n-tabs-title-order: 3;\" class=\" elementor-element elementor-element-600a5f2 e-con-full e-flex e-con e-child\" data-id=\"600a5f2\" data-element_type=\"container\" data-e-type=\"container\">\n\t\t<div class=\"elementor-element elementor-element-05b1a53 e-con-full e-flex e-con e-child\" data-id=\"05b1a53\" data-element_type=\"container\" data-e-type=\"container\">\n\t\t\t\t<div class=\"elementor-element elementor-element-14db965 elementor-widget elementor-widget-image\" data-id=\"14db965\" data-element_type=\"widget\" data-e-type=\"widget\" data-widget_type=\"image.default\">\n\t\t\t\t<div class=\"elementor-widget-container\">\n\t\t\t\t\t\t\t\t\t\t\t\t\t\t\t<img loading=\"lazy\" decoding=\"async\" width=\"1353\" height=\"2000\" src=\"https:\/\/luxcenture.com\/wp-content\/uploads\/2025\/02\/Marc-Remy-Halter-e1740649657630.webp\" class=\"attachment-full size-full wp-image-4510\" alt=\"Marc Re\u0301my Halter\" srcset=\"https:\/\/luxcenture.com\/wp-content\/uploads\/2025\/02\/Marc-Remy-Halter-e1740649657630.webp 1353w, https:\/\/luxcenture.com\/wp-content\/uploads\/2025\/02\/Marc-Remy-Halter-e1740649657630-203x300.webp 203w, https:\/\/luxcenture.com\/wp-content\/uploads\/2025\/02\/Marc-Remy-Halter-e1740649657630-693x1024.webp 693w, https:\/\/luxcenture.com\/wp-content\/uploads\/2025\/02\/Marc-Remy-Halter-e1740649657630-768x1135.webp 768w, https:\/\/luxcenture.com\/wp-content\/uploads\/2025\/02\/Marc-Remy-Halter-e1740649657630-1039x1536.webp 1039w\" sizes=\"auto, (max-width: 1353px) 100vw, 1353px\" \/>\t\t\t\t\t\t\t\t\t\t\t\t\t\t\t<\/div>\n\t\t\t\t<\/div>\n\t\t\t\t<\/div>\n\t\t<div class=\"elementor-element elementor-element-7b93de5 e-con-full e-flex e-con e-child\" data-id=\"7b93de5\" data-element_type=\"container\" data-e-type=\"container\">\n\t\t\t\t<div class=\"elementor-element elementor-element-8ece832 elementor-widget-tablet_extra__width-initial elementor-widget-tablet__width-initial elementor-widget-mobile_extra__width-initial elementor-widget-laptop__width-initial elementor-invisible elementor-widget elementor-widget-heading\" data-id=\"8ece832\" data-element_type=\"widget\" data-e-type=\"widget\" data-settings=\"{&quot;_animation&quot;:&quot;fadeIn&quot;}\" data-widget_type=\"heading.default\">\n\t\t\t\t<div class=\"elementor-widget-container\">\n\t\t\t\t\t<h4 class=\"elementor-heading-title elementor-size-default\">Marc R\u00e9my Halter<\/h4>\t\t\t\t<\/div>\n\t\t\t\t<\/div>\n\t\t\t\t<div class=\"elementor-element elementor-element-0ac5d04 elementor-widget elementor-widget-heading\" data-id=\"0ac5d04\" data-element_type=\"widget\" data-e-type=\"widget\" data-widget_type=\"heading.default\">\n\t\t\t\t<div class=\"elementor-widget-container\">\n\t\t\t\t\t<p class=\"elementor-heading-title elementor-size-default\">Gr\u00fcnder<\/p>\t\t\t\t<\/div>\n\t\t\t\t<\/div>\n\t\t\t\t<div class=\"elementor-element elementor-element-0ed92ce elementor-widget elementor-widget-text-editor\" data-id=\"0ed92ce\" data-element_type=\"widget\" data-e-type=\"widget\" data-widget_type=\"text-editor.default\">\n\t\t\t\t<div class=\"elementor-widget-container\">\n\t\t\t\t\t\t\t\t\t<p>Ich bin Marc R\u00e9my Halter, Mitbegr\u00fcnder von Luxcenture, einem Unternehmen, das auf Authentizit\u00e4t, interdisziplin\u00e4re Zusammenarbeit und einen ganzheitlichen Gesch\u00e4ftsansatz setzt.<\/p><p>Ich bin darauf spezialisiert, Synergien in verschiedenen Bereichen wie M&amp;A, Investitionen, Privatluftfahrt, Yachten und Immobilien zu schaffen. Meine Leidenschaft liegt in der F\u00f6rderung von bedeutungsvollen Beziehungen, denn ich glaube, dass starke Verbindungen die Grundlage des Erfolgs sind. <\/p><p>Neben meiner beruflichen T\u00e4tigkeit finde ich Ausgleich in der Natur und spiele gerne Tennis, was meine Kreativit\u00e4t und Konzentration f\u00f6rdert.<\/p><p>Bei Luxcenture setze ich mich daf\u00fcr ein, Sie bei der Erreichung Ihrer Ziele zu unterst\u00fctzen &#8211; sei es beim Verkauf oder beim Erwerb Ihrer Verm\u00f6genswerte &#8211; indem ich Partnerschaften aufbaue, die auf Vertrauen und einer gemeinsamen Vision beruhen.<\/p>\t\t\t\t\t\t\t\t<\/div>\n\t\t\t\t<\/div>\n\t\t\t\t<div class=\"elementor-element elementor-element-e1548c8 elementor-widget elementor-widget-text-editor\" data-id=\"e1548c8\" data-element_type=\"widget\" data-e-type=\"widget\" data-widget_type=\"text-editor.default\">\n\t\t\t\t<div class=\"elementor-widget-container\">\n\t\t\t\t\t\t\t\t\t<p data-start=\"438\" data-end=\"465\"><strong data-start=\"480\" data-end=\"489\">WhatsApp<\/strong>: <a href=\"https:\/\/api.whatsapp.com\/send?phone=41765483599\" target=\"_blank\" rel=\"noopener\">+41 76 548 35 99<\/a><br data-start=\"507\" data-end=\"510\"><strong data-start=\"510\" data-end=\"519\">E-Mail<\/strong>: <a href=\"mailto:marc.halter@luxcenture.com\" target=\"_blank\" rel=\"noopener\" data-start=\"521\" data-end=\"547\">marc.halter@luxcenture.com<\/a><\/p>\t\t\t\t\t\t\t\t<\/div>\n\t\t\t\t<\/div>\n\t\t\t\t<\/div>\n\t\t\t\t<\/div>\n\t\t\t\t\t<\/div>\n\t\t<\/div>\n\t\t\t\t\t\t<\/div>\n\t\t\t\t<\/div>\n\t\t\t\t<\/div>\n\t\t\t\t<\/div>\n\t\t\t\t<\/div>\n\t\t","protected":false},"excerpt":{"rendered":"<p>Team &#8211; Treffen Sie die Vision\u00e4re Die Menschen, die hinter dem von der Schweiz geleiteten Prozess von Luxcenture stehen &#8211; vertrauensw\u00fcrdig, diskret und umsetzungsorientiert. Treffen Sie die Vision\u00e4re Unsere Gr\u00fcnder, Marc R\u00e9my Halter und Markus Weber, bringen jahrzehntelange Erfahrung und ein Engagement f\u00fcr Spitzenleistungen mit. Sie sind die treibende Kraft hinter Luxcentures pers\u00f6nlichem Ansatz bei [&hellip;]<\/p>\n","protected":false},"author":3,"featured_media":0,"parent":0,"menu_order":0,"comment_status":"closed","ping_status":"closed","template":"","meta":{"_acf_changed":false,"footnotes":""},"asset_category":[],"class_list":["post-8851","page","type-page","status-publish","hentry"],"acf":[],"_links":{"self":[{"href":"https:\/\/luxcenture.com\/de\/wp-json\/wp\/v2\/pages\/8851","targetHints":{"allow":["GET"]}}],"collection":[{"href":"https:\/\/luxcenture.com\/de\/wp-json\/wp\/v2\/pages"}],"about":[{"href":"https:\/\/luxcenture.com\/de\/wp-json\/wp\/v2\/types\/page"}],"author":[{"embeddable":true,"href":"https:\/\/luxcenture.com\/de\/wp-json\/wp\/v2\/users\/3"}],"replies":[{"embeddable":true,"href":"https:\/\/luxcenture.com\/de\/wp-json\/wp\/v2\/comments?post=8851"}],"version-history":[{"count":10,"href":"https:\/\/luxcenture.com\/de\/wp-json\/wp\/v2\/pages\/8851\/revisions"}],"predecessor-version":[{"id":9580,"href":"https:\/\/luxcenture.com\/de\/wp-json\/wp\/v2\/pages\/8851\/revisions\/9580"}],"wp:attachment":[{"href":"https:\/\/luxcenture.com\/de\/wp-json\/wp\/v2\/media?parent=8851"}],"wp:term":[{"taxonomy":"asset_category","embeddable":true,"href":"https:\/\/luxcenture.com\/de\/wp-json\/wp\/v2\/asset_category?post=8851"}],"curies":[{"name":"wp","href":"https:\/\/api.w.org\/{rel}","templated":true}]}}